{"id":28907,"date":"2023-03-14T09:36:40","date_gmt":"2023-03-14T08:36:40","guid":{"rendered":"https:\/\/suisseinternet.ch\/boutique\/"},"modified":"2026-02-07T14:40:23","modified_gmt":"2026-02-07T13:40:23","slug":"jurassic-gin-shop","status":"publish","type":"page","link":"https:\/\/www.jurassicgin.ch\/de\/jurassic-gin-shop\/","title":{"rendered":"Shop"},"content":{"rendered":"","protected":false},"excerpt":{"rendered":"","protected":false},"author":5,"featured_media":0,"parent":0,"menu_order":0,"comment_status":"closed","ping_status":"closed","template":"","meta":{"_et_pb_use_builder":"on","_et_pb_old_content":"","_et_gb_content_width":"","footnotes":""},"class_list":["post-28907","page","type-page","status-publish","hentry"],"yoast_head":"<!-- This site is optimized with the Yoast SEO plugin v27.5 - https:\/\/yoast.com\/product\/yoast-seo-wordpress\/ -->\n<title>Go\u00fbtez l&#039;histoire avec Jurassic Gin - Boutique - Jurassic Gin<\/title>\n<meta name=\"description\" content=\"Offrez-vous une exp\u00e9rience gustative unique et inoubliable. Go\u00fbtez l&#039;histoire avec Jurassic Gin de la r\u00e9gion du Jura suisse.\" \/>\n<meta name=\"robots\" content=\"index, follow, max-snippet:-1, max-image-preview:large, max-video-preview:-1\" \/>\n<link rel=\"canonical\" href=\"https:\/\/www.jurassicgin.ch\/de\/jurassic-gin-shop\/\" \/>\n<meta property=\"og:locale\" content=\"de_DE\" \/>\n<meta property=\"og:type\" content=\"article\" \/>\n<meta property=\"og:title\" content=\"Go\u00fbtez l&#039;histoire avec Jurassic Gin - Boutique - Jurassic Gin\" \/>\n<meta property=\"og:description\" content=\"Offrez-vous une exp\u00e9rience gustative unique et inoubliable. Go\u00fbtez l&#039;histoire avec Jurassic Gin de la r\u00e9gion du Jura suisse.\" \/>\n<meta property=\"og:url\" content=\"https:\/\/www.jurassicgin.ch\/de\/jurassic-gin-shop\/\" \/>\n<meta property=\"og:site_name\" content=\"Jurassic Gin\" \/>\n<meta property=\"article:publisher\" content=\"https:\/\/www.facebook.com\/jurassicgin\/\" \/>\n<meta property=\"article:modified_time\" content=\"2026-02-07T13:40:23+00:00\" \/>\n<meta name=\"twitter:card\" content=\"summary_large_image\" \/>\n<script type=\"application\/ld+json\" class=\"yoast-schema-graph\">{\"@context\":\"https:\\\/\\\/schema.org\",\"@graph\":[{\"@type\":\"WebPage\",\"@id\":\"https:\\\/\\\/www.jurassicgin.ch\\\/boutique-jurassic-gin\\\/\",\"url\":\"https:\\\/\\\/www.jurassicgin.ch\\\/boutique-jurassic-gin\\\/\",\"name\":\"Go\u00fbtez l'histoire avec Jurassic Gin - Boutique - Jurassic Gin\",\"isPartOf\":{\"@id\":\"https:\\\/\\\/www.jurassicgin.ch\\\/#website\"},\"datePublished\":\"2023-03-14T08:36:40+00:00\",\"dateModified\":\"2026-02-07T13:40:23+00:00\",\"description\":\"Offrez-vous une exp\u00e9rience gustative unique et inoubliable. Go\u00fbtez l'histoire avec Jurassic Gin de la r\u00e9gion du Jura suisse.\",\"breadcrumb\":{\"@id\":\"https:\\\/\\\/www.jurassicgin.ch\\\/boutique-jurassic-gin\\\/#breadcrumb\"},\"inLanguage\":\"de\",\"potentialAction\":[{\"@type\":\"ReadAction\",\"target\":[\"https:\\\/\\\/www.jurassicgin.ch\\\/boutique-jurassic-gin\\\/\"]}]},{\"@type\":\"BreadcrumbList\",\"@id\":\"https:\\\/\\\/www.jurassicgin.ch\\\/boutique-jurassic-gin\\\/#breadcrumb\",\"itemListElement\":[{\"@type\":\"ListItem\",\"position\":1,\"name\":\"Accueil\",\"item\":\"https:\\\/\\\/www.jurassicgin.ch\\\/\"},{\"@type\":\"ListItem\",\"position\":2,\"name\":\"Boutique\"}]},{\"@type\":\"WebSite\",\"@id\":\"https:\\\/\\\/www.jurassicgin.ch\\\/#website\",\"url\":\"https:\\\/\\\/www.jurassicgin.ch\\\/\",\"name\":\"Jurassic Gin\",\"description\":\"Une histoire commenc\u00e9e il y a 152 millions d\u2019ann\u00e9es\u2026 et qui continue ...\",\"publisher\":{\"@id\":\"https:\\\/\\\/www.jurassicgin.ch\\\/#organization\"},\"potentialAction\":[{\"@type\":\"SearchAction\",\"target\":{\"@type\":\"EntryPoint\",\"urlTemplate\":\"https:\\\/\\\/www.jurassicgin.ch\\\/?s={search_term_string}\"},\"query-input\":{\"@type\":\"PropertyValueSpecification\",\"valueRequired\":true,\"valueName\":\"search_term_string\"}}],\"inLanguage\":\"de\"},{\"@type\":\"Organization\",\"@id\":\"https:\\\/\\\/www.jurassicgin.ch\\\/#organization\",\"name\":\"Jurassic Spirits S\u00e0rl\",\"url\":\"https:\\\/\\\/www.jurassicgin.ch\\\/\",\"logo\":{\"@type\":\"ImageObject\",\"inLanguage\":\"de\",\"@id\":\"https:\\\/\\\/www.jurassicgin.ch\\\/#\\\/schema\\\/logo\\\/image\\\/\",\"url\":\"http:\\\/\\\/www.jurassicgin.ch\\\/wp-content\\\/uploads\\\/2023\\\/03\\\/logo_jurassic_gin.svg\",\"contentUrl\":\"http:\\\/\\\/www.jurassicgin.ch\\\/wp-content\\\/uploads\\\/2023\\\/03\\\/logo_jurassic_gin.svg\",\"width\":\"1024\",\"height\":\"1024\",\"caption\":\"Jurassic Spirits S\u00e0rl\"},\"image\":{\"@id\":\"https:\\\/\\\/www.jurassicgin.ch\\\/#\\\/schema\\\/logo\\\/image\\\/\"},\"sameAs\":[\"https:\\\/\\\/www.facebook.com\\\/jurassicgin\\\/\"]}]}<\/script>\n<!-- \/ Yoast SEO plugin. -->","yoast_head_json":{"title":"Schmecken Sie die Geschichte mit Jurassic Gin - Shop - Jurassic Gin","description":"G\u00f6nnen Sie sich ein einzigartiges und unvergessliches Geschmackserlebnis. Schmecken Sie die Geschichte mit Jurassic Gin aus der Region Schweizer Jura.","robots":{"index":"index","follow":"follow","max-snippet":"max-snippet:-1","max-image-preview":"max-image-preview:large","max-video-preview":"max-video-preview:-1"},"canonical":"https:\/\/www.jurassicgin.ch\/de\/jurassic-gin-shop\/","og_locale":"de_DE","og_type":"article","og_title":"Go\u00fbtez l'histoire avec Jurassic Gin - Boutique - Jurassic Gin","og_description":"Offrez-vous une exp\u00e9rience gustative unique et inoubliable. Go\u00fbtez l'histoire avec Jurassic Gin de la r\u00e9gion du Jura suisse.","og_url":"https:\/\/www.jurassicgin.ch\/de\/jurassic-gin-shop\/","og_site_name":"Jurassic Gin","article_publisher":"https:\/\/www.facebook.com\/jurassicgin\/","article_modified_time":"2026-02-07T13:40:23+00:00","twitter_card":"summary_large_image","schema":{"@context":"https:\/\/schema.org","@graph":[{"@type":"WebPage","@id":"https:\/\/www.jurassicgin.ch\/boutique-jurassic-gin\/","url":"https:\/\/www.jurassicgin.ch\/boutique-jurassic-gin\/","name":"Schmecken Sie die Geschichte mit Jurassic Gin - Shop - Jurassic Gin","isPartOf":{"@id":"https:\/\/www.jurassicgin.ch\/#website"},"datePublished":"2023-03-14T08:36:40+00:00","dateModified":"2026-02-07T13:40:23+00:00","description":"G\u00f6nnen Sie sich ein einzigartiges und unvergessliches Geschmackserlebnis. Schmecken Sie die Geschichte mit Jurassic Gin aus der Region Schweizer Jura.","breadcrumb":{"@id":"https:\/\/www.jurassicgin.ch\/boutique-jurassic-gin\/#breadcrumb"},"inLanguage":"de","potentialAction":[{"@type":"ReadAction","target":["https:\/\/www.jurassicgin.ch\/boutique-jurassic-gin\/"]}]},{"@type":"BreadcrumbList","@id":"https:\/\/www.jurassicgin.ch\/boutique-jurassic-gin\/#breadcrumb","itemListElement":[{"@type":"ListItem","position":1,"name":"Accueil","item":"https:\/\/www.jurassicgin.ch\/"},{"@type":"ListItem","position":2,"name":"Boutique"}]},{"@type":"WebSite","@id":"https:\/\/www.jurassicgin.ch\/#website","url":"https:\/\/www.jurassicgin.ch\/","name":"Jurassic Gin","description":"Eine Geschichte, die vor 152 Millionen Jahren begann ... und weitergeht ...","publisher":{"@id":"https:\/\/www.jurassicgin.ch\/#organization"},"potentialAction":[{"@type":"SearchAction","target":{"@type":"EntryPoint","urlTemplate":"https:\/\/www.jurassicgin.ch\/?s={search_term_string}"},"query-input":{"@type":"PropertyValueSpecification","valueRequired":true,"valueName":"search_term_string"}}],"inLanguage":"de"},{"@type":"Organization","@id":"https:\/\/www.jurassicgin.ch\/#organization","name":"Jurassic Spirits GmbH","url":"https:\/\/www.jurassicgin.ch\/","logo":{"@type":"ImageObject","inLanguage":"de","@id":"https:\/\/www.jurassicgin.ch\/#\/schema\/logo\/image\/","url":"http:\/\/www.jurassicgin.ch\/wp-content\/uploads\/2023\/03\/logo_jurassic_gin.svg","contentUrl":"http:\/\/www.jurassicgin.ch\/wp-content\/uploads\/2023\/03\/logo_jurassic_gin.svg","width":"1024","height":"1024","caption":"Jurassic Spirits S\u00e0rl"},"image":{"@id":"https:\/\/www.jurassicgin.ch\/#\/schema\/logo\/image\/"},"sameAs":["https:\/\/www.facebook.com\/jurassicgin\/"]}]}},"_links":{"self":[{"href":"https:\/\/www.jurassicgin.ch\/de\/wp-json\/wp\/v2\/pages\/28907","targetHints":{"allow":["GET"]}}],"collection":[{"href":"https:\/\/www.jurassicgin.ch\/de\/wp-json\/wp\/v2\/pages"}],"about":[{"href":"https:\/\/www.jurassicgin.ch\/de\/wp-json\/wp\/v2\/types\/page"}],"author":[{"embeddable":true,"href":"https:\/\/www.jurassicgin.ch\/de\/wp-json\/wp\/v2\/users\/5"}],"replies":[{"embeddable":true,"href":"https:\/\/www.jurassicgin.ch\/de\/wp-json\/wp\/v2\/comments?post=28907"}],"version-history":[{"count":0,"href":"https:\/\/www.jurassicgin.ch\/de\/wp-json\/wp\/v2\/pages\/28907\/revisions"}],"wp:attachment":[{"href":"https:\/\/www.jurassicgin.ch\/de\/wp-json\/wp\/v2\/media?parent=28907"}],"curies":[{"name":"wp","href":"https:\/\/api.w.org\/{rel}","templated":true}]}}