{"id":30012,"date":"2023-06-08T13:48:27","date_gmt":"2023-06-08T11:48:27","guid":{"rendered":"https:\/\/suisseinternet.ch\/?page_id=30012"},"modified":"2023-07-03T13:21:23","modified_gmt":"2023-07-03T11:21:23","slug":"30012-2","status":"publish","type":"page","link":"https:\/\/www.jurassicgin.ch\/de\/30012-2\/","title":{"rendered":"AGB"},"content":{"rendered":"<p>[et_pb_section fb_built=\u00a0\u00bb1&Prime; _builder_version=\u00a0\u00bb4.21.0&Prime; _module_preset=\u00a0\u00bbdefault\u00a0\u00bb background_color=\u00a0\u00bbgcid-86c55981-0a35-4e1f-97dd-894817a554b1&Prime; global_colors_info=\u00a0\u00bb{%22gcid-86c55981-0a35-4e1f-97dd-894817a554b1%22:%91%22background_color%22%93}\u00a0\u00bb][et_pb_row _builder_version=\u00a0\u00bb4.21.0&Prime; _module_preset=\u00a0\u00bbdefault\u00a0\u00bb custom_padding=\u00a0\u00bb||176px|||\u00a0\u00bb global_colors_info=\u00a0\u00bb{}\u00a0\u00bb][et_pb_column type=\u00a0\u00bb4_4&Prime; _builder_version=\u00a0\u00bb4.21.0&Prime; _module_preset=\u00a0\u00bbdefault\u00a0\u00bb global_colors_info=\u00a0\u00bb{}\u00a0\u00bb][et_pb_text _builder_version=\u00a0\u00bb4.21.0&Prime; _module_preset=\u00a0\u00bbdefault\u00a0\u00bb text_text_color=\u00a0\u00bb#FFFFFF\u00a0\u00bb global_colors_info=\u00a0\u00bb{}\u00a0\u00bb]<\/p>\n<h2>Allgemeine Gesch\u00e4ftsbedingungen (AGB) Jurassic Spirits S\u00e0rl<\/h2>\n<p>&nbsp;<\/p>\n<p>Allgemeine Gesch\u00e4ftsbedingungen von <span>Jurassic Spirits GmbH.<\/span><\/p>\n<ol>\n<li>Annahme der Allgemeinen Gesch\u00e4ftsbedingungen von <span>Jurassic Spirits GmbH.<\/span><\/li>\n<\/ol>\n<p>Indem Sie unsere Website (jurassicgin.ch) benutzen und eine Bestellung aufgeben, erkl\u00e4ren Sie sich mit den vorliegenden Allgemeinen Gesch\u00e4ftsbedingungen einverstanden. Bitte lesen Sie diese aufmerksam durch, bevor Sie eine Bestellung aufgeben.<\/p>\n<ol start=\"2\">\n<li>Abschluss des Vertrags<\/li>\n<\/ol>\n<p>Die von Ihnen abgegebene Bestellung stellt ein rechtlich verbindliches Angebot zum Abschluss eines Kaufvertrags dar. Der Vertrag gilt in dem Moment als abgeschlossen, in dem Sie von uns eine Bestellbest\u00e4tigung per E-Mail erhalten.<\/p>\n<ol start=\"3\">\n<li>Preis und Bezahlung<\/li>\n<\/ol>\n<p>Die Preise der Produkte sind in Schweizer Franken (CHF) angegeben und verstehen sich inklusive aller Steuern, sofern nicht anders angegeben. Die Zahlung muss vor der Lieferung erfolgen, es sei denn, es wurde vorher eine Vereinbarung f\u00fcr gro\u00dfe Mengen getroffen. Wir akzeptieren Zahlungen per Kreditkarte, Postcard, Twint und andere Zahlungsmethoden, die auf unserer Website verf\u00fcgbar sind.<\/p>\n<ol start=\"4\">\n<li>Lieferung<\/li>\n<\/ol>\n<p>Wir liefern per Paketpost auf Kosten des K\u00e4ufers, sofern nichts anderes vereinbart wurde oder der Mindestbetrag f\u00fcr eine kostenlose Lieferung erreicht wurde. Die angegebenen Lieferzeiten sind Richtwerte und k\u00f6nnen je nach Verf\u00fcgbarkeit der Produkte variieren.<\/p>\n<ol start=\"5\">\n<li>\u00dcbertragung von Risiken<\/li>\n<\/ol>\n<p>Das Risiko f\u00fcr die Produkte geht mit dem Versand auf den K\u00e4ufer \u00fcber. Jegliche Sch\u00e4den oder Verluste, die w\u00e4hrend des Transports auftreten, m\u00fcssen innerhalb der in unserer R\u00fcckgabepolitik festgelegten Frist gemeldet werden.<\/p>\n<ol start=\"6\">\n<li>Garantie und R\u00fccksendungen<\/li>\n<\/ol>\n<p>Wenn Sie einen Mangel an den erhaltenen Produkten feststellen, informieren Sie uns bitte innerhalb von 5 Tagen nach Erhalt der Bestellung per E-Mail dar\u00fcber. Defekte Produkte m\u00fcssen zusammen mit einer Kopie der Rechnung und einer detaillierten Beschreibung des Defekts zur\u00fcckgeschickt werden. Wir entscheiden \u00fcber die weiteren Schritte, wie z. B. Preisminderung, Ersatz oder R\u00fcckerstattung, wenn es sich um einen nachweislichen Mangel handelt.<\/p>\n<ol start=\"7\">\n<li>Schutz der Daten<\/li>\n<\/ol>\n<p>Wir respektieren die Privatsph\u00e4re und den Schutz der pers\u00f6nlichen Daten unserer Kunden. Die Informationen, die Sie uns zur Verf\u00fcgung stellen, werden nur im Zusammenhang mit Ihrer Bestellung und in \u00dcbereinstimmung mit unserer Datenschutzrichtlinie verwendet. Bitte lesen Sie unsere Datenschutzrichtlinie f\u00fcr weitere Informationen.<\/p>\n<ol start=\"8\">\n<li>Verantwortung<\/li>\n<\/ol>\n<p>Wir haften nicht f\u00fcr indirekte Sch\u00e4den, Folgesch\u00e4den oder Sondersch\u00e4den, die sich aus der Verwendung unserer Produkte ergeben, es sei denn, es liegt grobe Fahrl\u00e4ssigkeit oder Vorsatz unsererseits vor.<\/p>\n<ol start=\"9\">\n<li>\u00c4nderung der Allgemeinen Gesch\u00e4ftsbedingungen<\/li>\n<\/ol>\n<p>Wir behalten uns das Recht vor, die vorliegenden Allgemeinen Gesch\u00e4ftsbedingungen jederzeit zu \u00e4ndern. F\u00fcr Ihre Bestellung gelten die Bedingungen, die zum Zeitpunkt der Aufgabe Ihrer Bestellung g\u00fcltig sind.<\/p>\n<p>[\/et_pb_text][\/et_pb_column][\/et_pb_row][\/et_pb_section]<\/p>","protected":false},"excerpt":{"rendered":"<p>Conditions g\u00e9n\u00e9rales de vente (CGV) Jurassic Spirits S\u00e0rl &nbsp; Conditions g\u00e9n\u00e9rales de vente de Jurassic Spirits S\u00e0rl. Acceptation des conditions g\u00e9n\u00e9rales de Jurassic Spirits S\u00e0rl. En utilisant notre site web (jurassicgin.ch) et en passant commande, vous acceptez les pr\u00e9sentes conditions g\u00e9n\u00e9rales de vente. Veuillez les lire attentivement avant de proc\u00e9der \u00e0 une commande. Conclusion du [&hellip;]<\/p>","protected":false},"author":5,"featured_media":0,"parent":0,"menu_order":0,"comment_status":"closed","ping_status":"closed","template":"","meta":{"_et_pb_use_builder":"on","_et_pb_old_content":"","_et_gb_content_width":"","footnotes":""},"class_list":["post-30012","page","type-page","status-publish","hentry"],"yoast_head":"<!-- This site is optimized with the Yoast SEO plugin v27.5 - https:\/\/yoast.com\/product\/yoast-seo-wordpress\/ -->\n<title>CGV - Jurassic Gin<\/title>\n<meta name=\"robots\" content=\"index, follow, max-snippet:-1, max-image-preview:large, max-video-preview:-1\" \/>\n<link rel=\"canonical\" href=\"https:\/\/www.jurassicgin.ch\/de\/30012-2\/\" \/>\n<meta property=\"og:locale\" content=\"de_DE\" \/>\n<meta property=\"og:type\" content=\"article\" \/>\n<meta property=\"og:title\" content=\"CGV - Jurassic Gin\" \/>\n<meta property=\"og:description\" content=\"Conditions g\u00e9n\u00e9rales de vente (CGV) Jurassic Spirits S\u00e0rl &nbsp; Conditions g\u00e9n\u00e9rales de vente de Jurassic Spirits S\u00e0rl. Acceptation des conditions g\u00e9n\u00e9rales de Jurassic Spirits S\u00e0rl. En utilisant notre site web (jurassicgin.ch) et en passant commande, vous acceptez les pr\u00e9sentes conditions g\u00e9n\u00e9rales de vente. Veuillez les lire attentivement avant de proc\u00e9der \u00e0 une commande. Conclusion du [&hellip;]\" \/>\n<meta property=\"og:url\" content=\"https:\/\/www.jurassicgin.ch\/de\/30012-2\/\" \/>\n<meta property=\"og:site_name\" content=\"Jurassic Gin\" \/>\n<meta property=\"article:publisher\" content=\"https:\/\/www.facebook.com\/jurassicgin\/\" \/>\n<meta property=\"article:modified_time\" content=\"2023-07-03T11:21:23+00:00\" \/>\n<meta name=\"twitter:card\" content=\"summary_large_image\" \/>\n<meta name=\"twitter:label1\" content=\"Gesch\u00e4tzte Lesezeit\" \/>\n\t<meta name=\"twitter:data1\" content=\"3\u00a0Minuten\" \/>\n<script type=\"application\/ld+json\" class=\"yoast-schema-graph\">{\"@context\":\"https:\\\/\\\/schema.org\",\"@graph\":[{\"@type\":\"WebPage\",\"@id\":\"https:\\\/\\\/www.jurassicgin.ch\\\/30012-2\\\/\",\"url\":\"https:\\\/\\\/www.jurassicgin.ch\\\/30012-2\\\/\",\"name\":\"CGV - Jurassic Gin\",\"isPartOf\":{\"@id\":\"https:\\\/\\\/www.jurassicgin.ch\\\/#website\"},\"datePublished\":\"2023-06-08T11:48:27+00:00\",\"dateModified\":\"2023-07-03T11:21:23+00:00\",\"breadcrumb\":{\"@id\":\"https:\\\/\\\/www.jurassicgin.ch\\\/30012-2\\\/#breadcrumb\"},\"inLanguage\":\"de\",\"potentialAction\":[{\"@type\":\"ReadAction\",\"target\":[\"https:\\\/\\\/www.jurassicgin.ch\\\/30012-2\\\/\"]}]},{\"@type\":\"BreadcrumbList\",\"@id\":\"https:\\\/\\\/www.jurassicgin.ch\\\/30012-2\\\/#breadcrumb\",\"itemListElement\":[{\"@type\":\"ListItem\",\"position\":1,\"name\":\"Accueil\",\"item\":\"https:\\\/\\\/www.jurassicgin.ch\\\/\"},{\"@type\":\"ListItem\",\"position\":2,\"name\":\"CGV\"}]},{\"@type\":\"WebSite\",\"@id\":\"https:\\\/\\\/www.jurassicgin.ch\\\/#website\",\"url\":\"https:\\\/\\\/www.jurassicgin.ch\\\/\",\"name\":\"Jurassic Gin\",\"description\":\"Une histoire commenc\u00e9e il y a 152 millions d\u2019ann\u00e9es\u2026 et qui continue ...\",\"publisher\":{\"@id\":\"https:\\\/\\\/www.jurassicgin.ch\\\/#organization\"},\"potentialAction\":[{\"@type\":\"SearchAction\",\"target\":{\"@type\":\"EntryPoint\",\"urlTemplate\":\"https:\\\/\\\/www.jurassicgin.ch\\\/?s={search_term_string}\"},\"query-input\":{\"@type\":\"PropertyValueSpecification\",\"valueRequired\":true,\"valueName\":\"search_term_string\"}}],\"inLanguage\":\"de\"},{\"@type\":\"Organization\",\"@id\":\"https:\\\/\\\/www.jurassicgin.ch\\\/#organization\",\"name\":\"Jurassic Spirits S\u00e0rl\",\"url\":\"https:\\\/\\\/www.jurassicgin.ch\\\/\",\"logo\":{\"@type\":\"ImageObject\",\"inLanguage\":\"de\",\"@id\":\"https:\\\/\\\/www.jurassicgin.ch\\\/#\\\/schema\\\/logo\\\/image\\\/\",\"url\":\"http:\\\/\\\/www.jurassicgin.ch\\\/wp-content\\\/uploads\\\/2023\\\/03\\\/logo_jurassic_gin.svg\",\"contentUrl\":\"http:\\\/\\\/www.jurassicgin.ch\\\/wp-content\\\/uploads\\\/2023\\\/03\\\/logo_jurassic_gin.svg\",\"width\":\"1024\",\"height\":\"1024\",\"caption\":\"Jurassic Spirits S\u00e0rl\"},\"image\":{\"@id\":\"https:\\\/\\\/www.jurassicgin.ch\\\/#\\\/schema\\\/logo\\\/image\\\/\"},\"sameAs\":[\"https:\\\/\\\/www.facebook.com\\\/jurassicgin\\\/\"]}]}<\/script>\n<!-- \/ Yoast SEO plugin. -->","yoast_head_json":{"title":"AGB - Jurassic Gin","robots":{"index":"index","follow":"follow","max-snippet":"max-snippet:-1","max-image-preview":"max-image-preview:large","max-video-preview":"max-video-preview:-1"},"canonical":"https:\/\/www.jurassicgin.ch\/de\/30012-2\/","og_locale":"de_DE","og_type":"article","og_title":"CGV - Jurassic Gin","og_description":"Conditions g\u00e9n\u00e9rales de vente (CGV) Jurassic Spirits S\u00e0rl &nbsp; Conditions g\u00e9n\u00e9rales de vente de Jurassic Spirits S\u00e0rl. Acceptation des conditions g\u00e9n\u00e9rales de Jurassic Spirits S\u00e0rl. En utilisant notre site web (jurassicgin.ch) et en passant commande, vous acceptez les pr\u00e9sentes conditions g\u00e9n\u00e9rales de vente. Veuillez les lire attentivement avant de proc\u00e9der \u00e0 une commande. Conclusion du [&hellip;]","og_url":"https:\/\/www.jurassicgin.ch\/de\/30012-2\/","og_site_name":"Jurassic Gin","article_publisher":"https:\/\/www.facebook.com\/jurassicgin\/","article_modified_time":"2023-07-03T11:21:23+00:00","twitter_card":"summary_large_image","twitter_misc":{"Gesch\u00e4tzte Lesezeit":"3\u00a0Minuten"},"schema":{"@context":"https:\/\/schema.org","@graph":[{"@type":"WebPage","@id":"https:\/\/www.jurassicgin.ch\/30012-2\/","url":"https:\/\/www.jurassicgin.ch\/30012-2\/","name":"AGB - Jurassic Gin","isPartOf":{"@id":"https:\/\/www.jurassicgin.ch\/#website"},"datePublished":"2023-06-08T11:48:27+00:00","dateModified":"2023-07-03T11:21:23+00:00","breadcrumb":{"@id":"https:\/\/www.jurassicgin.ch\/30012-2\/#breadcrumb"},"inLanguage":"de","potentialAction":[{"@type":"ReadAction","target":["https:\/\/www.jurassicgin.ch\/30012-2\/"]}]},{"@type":"BreadcrumbList","@id":"https:\/\/www.jurassicgin.ch\/30012-2\/#breadcrumb","itemListElement":[{"@type":"ListItem","position":1,"name":"Accueil","item":"https:\/\/www.jurassicgin.ch\/"},{"@type":"ListItem","position":2,"name":"CGV"}]},{"@type":"WebSite","@id":"https:\/\/www.jurassicgin.ch\/#website","url":"https:\/\/www.jurassicgin.ch\/","name":"Jurassic Gin","description":"Eine Geschichte, die vor 152 Millionen Jahren begann ... und weitergeht ...","publisher":{"@id":"https:\/\/www.jurassicgin.ch\/#organization"},"potentialAction":[{"@type":"SearchAction","target":{"@type":"EntryPoint","urlTemplate":"https:\/\/www.jurassicgin.ch\/?s={search_term_string}"},"query-input":{"@type":"PropertyValueSpecification","valueRequired":true,"valueName":"search_term_string"}}],"inLanguage":"de"},{"@type":"Organization","@id":"https:\/\/www.jurassicgin.ch\/#organization","name":"Jurassic Spirits GmbH","url":"https:\/\/www.jurassicgin.ch\/","logo":{"@type":"ImageObject","inLanguage":"de","@id":"https:\/\/www.jurassicgin.ch\/#\/schema\/logo\/image\/","url":"http:\/\/www.jurassicgin.ch\/wp-content\/uploads\/2023\/03\/logo_jurassic_gin.svg","contentUrl":"http:\/\/www.jurassicgin.ch\/wp-content\/uploads\/2023\/03\/logo_jurassic_gin.svg","width":"1024","height":"1024","caption":"Jurassic Spirits S\u00e0rl"},"image":{"@id":"https:\/\/www.jurassicgin.ch\/#\/schema\/logo\/image\/"},"sameAs":["https:\/\/www.facebook.com\/jurassicgin\/"]}]}},"_links":{"self":[{"href":"https:\/\/www.jurassicgin.ch\/de\/wp-json\/wp\/v2\/pages\/30012","targetHints":{"allow":["GET"]}}],"collection":[{"href":"https:\/\/www.jurassicgin.ch\/de\/wp-json\/wp\/v2\/pages"}],"about":[{"href":"https:\/\/www.jurassicgin.ch\/de\/wp-json\/wp\/v2\/types\/page"}],"author":[{"embeddable":true,"href":"https:\/\/www.jurassicgin.ch\/de\/wp-json\/wp\/v2\/users\/5"}],"replies":[{"embeddable":true,"href":"https:\/\/www.jurassicgin.ch\/de\/wp-json\/wp\/v2\/comments?post=30012"}],"version-history":[{"count":0,"href":"https:\/\/www.jurassicgin.ch\/de\/wp-json\/wp\/v2\/pages\/30012\/revisions"}],"wp:attachment":[{"href":"https:\/\/www.jurassicgin.ch\/de\/wp-json\/wp\/v2\/media?parent=30012"}],"curies":[{"name":"wp","href":"https:\/\/api.w.org\/{rel}","templated":true}]}}