{"id":30206,"date":"2023-09-12T08:55:38","date_gmt":"2023-09-12T06:55:38","guid":{"rendered":"https:\/\/suisseinternet.ch\/?page_id=30206"},"modified":"2023-09-12T18:21:13","modified_gmt":"2023-09-12T16:21:13","slug":"wettbewerb","status":"publish","type":"page","link":"https:\/\/www.jurassicgin.ch\/de\/wettbewerb\/","title":{"rendered":"Wettbewerb"},"content":{"rendered":"<p>[et_pb_section fb_built=\u00a0\u00bb1&Prime; _builder_version=\u00a0\u00bb4.21.0&Prime; _module_preset=\u00a0\u00bbdefault\u00a0\u00bb background_color=\u00a0\u00bbgcid-86c55981-0a35-4e1f-97dd-894817a554b1&Prime; global_colors_info=\u00a0\u00bb{%22gcid-86c55981-0a35-4e1f-97dd-894817a554b1%22:%91%22background_color%22%93}\u00a0\u00bb][et_pb_row _builder_version=\u00a0\u00bb4.22.1&Prime; _module_preset=\u00a0\u00bbdefault\u00a0\u00bb custom_margin=\u00a0\u00bb50px||||false|false\u00a0\u00bb global_colors_info=\u00a0\u00bb{}\u00a0\u00bb][et_pb_column type=\u00a0\u00bb4_4&Prime; _builder_version=\u00a0\u00bb4.22.1&Prime; _module_preset=\u00a0\u00bbdefault\u00a0\u00bb global_colors_info=\u00a0\u00bb{}\u00a0\u00bb][et_pb_text _builder_version=\u00a0\u00bb4.22.1&Prime; _module_preset=\u00a0\u00bbdefault\u00a0\u00bb header_font_size=\u00a0\u00bb45px\u00a0\u00bb global_colors_info=\u00a0\u00bb{}\u00a0\u00bb]<\/p>\n<h1>Wettbewerbe und Preise<\/h1>\n<p>[\/et_pb_text][\/et_pb_column][\/et_pb_row][et_pb_row column_structure=\u00a0\u00bb1_2,1_2&Prime; _builder_version=\u00a0\u00bb4.22.1&Prime; _module_preset=\u00a0\u00bbdefault\u00a0\u00bb custom_padding=\u00a0\u00bb||176px|||\u00a0\u00bb global_colors_info=\u00a0\u00bb{}\u00a0\u00bb][et_pb_column type=\u00a0\u00bb1_2&Prime; _builder_version=\u00a0\u00bb4.21.0&Prime; _module_preset=\u00a0\u00bbdefault\u00a0\u00bb global_colors_info=\u00a0\u00bb{}\u00a0\u00bb][et_pb_image src=\u00a0\u00bbhttps:\/\/www.jurassicgin.ch\/wp-content\/uploads\/2023\/09\/jurassic_gin_spirits_review.webp\u00a0\u00bb alt=\u00a0\u00bbJurassic Gin Prix Spirits Review 2023&Prime; title_text=\u00a0\u00bbjurassic_gin_spirits_review\u00a0\u00bb _builder_version=\u00a0\u00bb4.22.1&Prime; _module_preset=\u00a0\u00bbdefault\u00a0\u00bb width=\u00a0\u00bb21%\u00a0\u00bb width_tablet=\u00a0\u00bb28%\u00a0\u00bb width_phone=\u00a0\u00bb28%\u00a0\u00bb width_last_edited=\u00a0\u00bbon|tablet\u00a0\u00bb hover_enabled=\u00a0\u00bb0&Prime; global_colors_info=\u00a0\u00bb{}\u00a0\u00bb sticky_enabled=\u00a0\u00bb0&Prime;][\/et_pb_image][et_pb_text _builder_version=\u00a0\u00bb4.22.1&Prime; _module_preset=\u00a0\u00bbdefault\u00a0\u00bb hover_enabled=\u00a0\u00bb0&Prime; global_colors_info=\u00a0\u00bb{}\u00a0\u00bb sticky_enabled=\u00a0\u00bb0&Prime;]<\/p>\n<p><span>Produktbeschreibung Jurassic Gin durch die Jury Swiss Spirits Awards 2023 :<\/span><span><\/span><\/p>\n<p>[\/et_pb_text][et_pb_text _builder_version=\u00a0\u00bb4.22.1&Prime; _module_preset=\u00a0\u00bbdefault\u00a0\u00bb hover_enabled=\u00a0\u00bb0&Prime; global_colors_info=\u00a0\u00bb{}\u00a0\u00bb sticky_enabled=\u00a0\u00bb0&Prime; text_font_size=\u00a0\u00bb18px\u00a0\u00bb]<\/p>\n<p><span>\u00ab Durchsichtig wie Glas. Etwas Bergamotte, eine Zitronenschale, eher zart, unterstrichen von Wacholder und Angelikawurzel. Intensit\u00e4t im Mund etwas dichter als in der Nase. Blumige Botanicals wie Kamille erkennbar, feine Textur am Gaumen, Ausgewogenheit. Kr\u00e4uterig und knackig. Trocken am Gaumen. Elegant\u00bb.\u00bb<\/span><\/p>\n<p>[\/et_pb_text][et_pb_text _builder_version=\u00a0\u00bb4.22.1&Prime; _module_preset=\u00a0\u00bbdefault\u00a0\u00bb hover_enabled=\u00a0\u00bb0&Prime; global_colors_info=\u00a0\u00bb{}\u00a0\u00bb sticky_enabled=\u00a0\u00bb0&Prime; custom_padding=\u00a0\u00bb55px|||||\u00a0\u00bb]<\/p>\n<p><span>D<\/span><span>n der Kategorie Gin &amp; Tonic erhielt Jurassic Gin &amp; Tonic mit 85 Punkten die Silbermedaille.\u00a0<\/span><\/p>\n<p>[\/et_pb_text][et_pb_text _builder_version=\u00a0\u00bb4.22.1&Prime; _module_preset=\u00a0\u00bbdefault\u00a0\u00bb hover_enabled=\u00a0\u00bb0&Prime; global_colors_info=\u00a0\u00bb{}\u00a0\u00bb sticky_enabled=\u00a0\u00bb0&Prime; text_font_size=\u00a0\u00bb18px\u00a0\u00bb custom_padding=\u00a0\u00bb55px|||||\u00a0\u00bb]<\/p>\n<p>Link: <span style=\"text-decoration: underline;\"><a href=\"https:\/\/www.spirits-review.ch\/ergebnisse-2023\/\">Spirit Review<\/a><\/span><\/p>\n<p>[\/et_pb_text][\/et_pb_column][et_pb_column type=\u00a0\u00bb1_2&Prime; _builder_version=\u00a0\u00bb4.21.0&Prime; _module_preset=\u00a0\u00bbdefault\u00a0\u00bb global_colors_info=\u00a0\u00bb{}\u00a0\u00bb][et_pb_image src=\u00a0\u00bbhttps:\/\/www.jurassicgin.ch\/wp-content\/uploads\/2023\/09\/01_jurassic_gin_tonic_2023_01.webp\u00a0\u00bb alt=\u00a0\u00bbCertificat Jurassic Gin Spirits review 02&Prime; title_text=\u00a0\u00bb01_jurassic_gin_tonic_2023_01&Prime; _builder_version=\u00a0\u00bb4.22.1&Prime; _module_preset=\u00a0\u00bbdefault\u00a0\u00bb global_colors_info=\u00a0\u00bb{}\u00a0\u00bb][\/et_pb_image][et_pb_image src=\u00a0\u00bbhttps:\/\/www.jurassicgin.ch\/wp-content\/uploads\/2023\/09\/02_jurassic_gin_tonic_2023_02.webp\u00a0\u00bb alt=\u00a0\u00bbCertificat Jurassic Gin Spirits review 01&Prime; title_text=\u00a0\u00bb02_jurassic_gin_tonic_2023_02&Prime; _builder_version=\u00a0\u00bb4.22.1&Prime; _module_preset=\u00a0\u00bbdefault\u00a0\u00bb global_colors_info=\u00a0\u00bb{}\u00a0\u00bb][\/et_pb_image][\/et_pb_column][\/et_pb_row][\/et_pb_section]<\/p>","protected":false},"excerpt":{"rendered":"<p>Concours et prixDescription du produit Jurassic Gin par le jury Swiss Spirits Awards 2023 :\u00ab Transparent comme du verre. Un peu de bergamote, un zeste de citron, plut\u00f4t tendre, soulign\u00e9 par le geni\u00e8vre et la racine d&rsquo;ang\u00e9lique. Intensit\u00e9 en bouche un peu plus dense qu&rsquo;au nez. Botaniques florales comme la camomille reconnaissables, texture fine au [&hellip;]<\/p>","protected":false},"author":5,"featured_media":0,"parent":0,"menu_order":0,"comment_status":"closed","ping_status":"closed","template":"","meta":{"_et_pb_use_builder":"on","_et_pb_old_content":"","_et_gb_content_width":"","footnotes":""},"class_list":["post-30206","page","type-page","status-publish","hentry"],"yoast_head":"<!-- This site is optimized with the Yoast SEO plugin v27.5 - https:\/\/yoast.com\/product\/yoast-seo-wordpress\/ -->\n<title>Concours - Jurassic Gin<\/title>\n<meta name=\"robots\" content=\"index, follow, max-snippet:-1, max-image-preview:large, max-video-preview:-1\" \/>\n<link rel=\"canonical\" href=\"https:\/\/www.jurassicgin.ch\/de\/wettbewerb\/\" \/>\n<meta property=\"og:locale\" content=\"de_DE\" \/>\n<meta property=\"og:type\" content=\"article\" \/>\n<meta property=\"og:title\" content=\"Concours - Jurassic Gin\" \/>\n<meta property=\"og:description\" content=\"Concours et prixDescription du produit Jurassic Gin par le jury Swiss Spirits Awards 2023 :\u00ab Transparent comme du verre. Un peu de bergamote, un zeste de citron, plut\u00f4t tendre, soulign\u00e9 par le geni\u00e8vre et la racine d&#039;ang\u00e9lique. Intensit\u00e9 en bouche un peu plus dense qu&#039;au nez. Botaniques florales comme la camomille reconnaissables, texture fine au [&hellip;]\" \/>\n<meta property=\"og:url\" content=\"https:\/\/www.jurassicgin.ch\/de\/wettbewerb\/\" \/>\n<meta property=\"og:site_name\" content=\"Jurassic Gin\" \/>\n<meta property=\"article:publisher\" content=\"https:\/\/www.facebook.com\/jurassicgin\/\" \/>\n<meta property=\"article:modified_time\" content=\"2023-09-12T16:21:13+00:00\" \/>\n<meta name=\"twitter:card\" content=\"summary_large_image\" \/>\n<meta name=\"twitter:label1\" content=\"Gesch\u00e4tzte Lesezeit\" \/>\n\t<meta name=\"twitter:data1\" content=\"2\u00a0Minuten\" \/>\n<script type=\"application\/ld+json\" class=\"yoast-schema-graph\">{\"@context\":\"https:\\\/\\\/schema.org\",\"@graph\":[{\"@type\":\"WebPage\",\"@id\":\"https:\\\/\\\/www.jurassicgin.ch\\\/concours\\\/\",\"url\":\"https:\\\/\\\/www.jurassicgin.ch\\\/concours\\\/\",\"name\":\"Concours - Jurassic Gin\",\"isPartOf\":{\"@id\":\"https:\\\/\\\/www.jurassicgin.ch\\\/#website\"},\"datePublished\":\"2023-09-12T06:55:38+00:00\",\"dateModified\":\"2023-09-12T16:21:13+00:00\",\"breadcrumb\":{\"@id\":\"https:\\\/\\\/www.jurassicgin.ch\\\/concours\\\/#breadcrumb\"},\"inLanguage\":\"de\",\"potentialAction\":[{\"@type\":\"ReadAction\",\"target\":[\"https:\\\/\\\/www.jurassicgin.ch\\\/concours\\\/\"]}]},{\"@type\":\"BreadcrumbList\",\"@id\":\"https:\\\/\\\/www.jurassicgin.ch\\\/concours\\\/#breadcrumb\",\"itemListElement\":[{\"@type\":\"ListItem\",\"position\":1,\"name\":\"Accueil\",\"item\":\"https:\\\/\\\/www.jurassicgin.ch\\\/\"},{\"@type\":\"ListItem\",\"position\":2,\"name\":\"Concours\"}]},{\"@type\":\"WebSite\",\"@id\":\"https:\\\/\\\/www.jurassicgin.ch\\\/#website\",\"url\":\"https:\\\/\\\/www.jurassicgin.ch\\\/\",\"name\":\"Jurassic Gin\",\"description\":\"Une histoire commenc\u00e9e il y a 152 millions d\u2019ann\u00e9es\u2026 et qui continue ...\",\"publisher\":{\"@id\":\"https:\\\/\\\/www.jurassicgin.ch\\\/#organization\"},\"potentialAction\":[{\"@type\":\"SearchAction\",\"target\":{\"@type\":\"EntryPoint\",\"urlTemplate\":\"https:\\\/\\\/www.jurassicgin.ch\\\/?s={search_term_string}\"},\"query-input\":{\"@type\":\"PropertyValueSpecification\",\"valueRequired\":true,\"valueName\":\"search_term_string\"}}],\"inLanguage\":\"de\"},{\"@type\":\"Organization\",\"@id\":\"https:\\\/\\\/www.jurassicgin.ch\\\/#organization\",\"name\":\"Jurassic Spirits S\u00e0rl\",\"url\":\"https:\\\/\\\/www.jurassicgin.ch\\\/\",\"logo\":{\"@type\":\"ImageObject\",\"inLanguage\":\"de\",\"@id\":\"https:\\\/\\\/www.jurassicgin.ch\\\/#\\\/schema\\\/logo\\\/image\\\/\",\"url\":\"http:\\\/\\\/www.jurassicgin.ch\\\/wp-content\\\/uploads\\\/2023\\\/03\\\/logo_jurassic_gin.svg\",\"contentUrl\":\"http:\\\/\\\/www.jurassicgin.ch\\\/wp-content\\\/uploads\\\/2023\\\/03\\\/logo_jurassic_gin.svg\",\"width\":\"1024\",\"height\":\"1024\",\"caption\":\"Jurassic Spirits S\u00e0rl\"},\"image\":{\"@id\":\"https:\\\/\\\/www.jurassicgin.ch\\\/#\\\/schema\\\/logo\\\/image\\\/\"},\"sameAs\":[\"https:\\\/\\\/www.facebook.com\\\/jurassicgin\\\/\"]}]}<\/script>\n<!-- \/ Yoast SEO plugin. -->","yoast_head_json":{"title":"Wettbewerb - Jurassic Gin","robots":{"index":"index","follow":"follow","max-snippet":"max-snippet:-1","max-image-preview":"max-image-preview:large","max-video-preview":"max-video-preview:-1"},"canonical":"https:\/\/www.jurassicgin.ch\/de\/wettbewerb\/","og_locale":"de_DE","og_type":"article","og_title":"Concours - Jurassic Gin","og_description":"Concours et prixDescription du produit Jurassic Gin par le jury Swiss Spirits Awards 2023 :\u00ab Transparent comme du verre. Un peu de bergamote, un zeste de citron, plut\u00f4t tendre, soulign\u00e9 par le geni\u00e8vre et la racine d'ang\u00e9lique. Intensit\u00e9 en bouche un peu plus dense qu'au nez. Botaniques florales comme la camomille reconnaissables, texture fine au [&hellip;]","og_url":"https:\/\/www.jurassicgin.ch\/de\/wettbewerb\/","og_site_name":"Jurassic Gin","article_publisher":"https:\/\/www.facebook.com\/jurassicgin\/","article_modified_time":"2023-09-12T16:21:13+00:00","twitter_card":"summary_large_image","twitter_misc":{"Gesch\u00e4tzte Lesezeit":"2\u00a0Minuten"},"schema":{"@context":"https:\/\/schema.org","@graph":[{"@type":"WebPage","@id":"https:\/\/www.jurassicgin.ch\/concours\/","url":"https:\/\/www.jurassicgin.ch\/concours\/","name":"Wettbewerb - Jurassic Gin","isPartOf":{"@id":"https:\/\/www.jurassicgin.ch\/#website"},"datePublished":"2023-09-12T06:55:38+00:00","dateModified":"2023-09-12T16:21:13+00:00","breadcrumb":{"@id":"https:\/\/www.jurassicgin.ch\/concours\/#breadcrumb"},"inLanguage":"de","potentialAction":[{"@type":"ReadAction","target":["https:\/\/www.jurassicgin.ch\/concours\/"]}]},{"@type":"BreadcrumbList","@id":"https:\/\/www.jurassicgin.ch\/concours\/#breadcrumb","itemListElement":[{"@type":"ListItem","position":1,"name":"Accueil","item":"https:\/\/www.jurassicgin.ch\/"},{"@type":"ListItem","position":2,"name":"Concours"}]},{"@type":"WebSite","@id":"https:\/\/www.jurassicgin.ch\/#website","url":"https:\/\/www.jurassicgin.ch\/","name":"Jurassic Gin","description":"Eine Geschichte, die vor 152 Millionen Jahren begann ... und weitergeht ...","publisher":{"@id":"https:\/\/www.jurassicgin.ch\/#organization"},"potentialAction":[{"@type":"SearchAction","target":{"@type":"EntryPoint","urlTemplate":"https:\/\/www.jurassicgin.ch\/?s={search_term_string}"},"query-input":{"@type":"PropertyValueSpecification","valueRequired":true,"valueName":"search_term_string"}}],"inLanguage":"de"},{"@type":"Organization","@id":"https:\/\/www.jurassicgin.ch\/#organization","name":"Jurassic Spirits GmbH","url":"https:\/\/www.jurassicgin.ch\/","logo":{"@type":"ImageObject","inLanguage":"de","@id":"https:\/\/www.jurassicgin.ch\/#\/schema\/logo\/image\/","url":"http:\/\/www.jurassicgin.ch\/wp-content\/uploads\/2023\/03\/logo_jurassic_gin.svg","contentUrl":"http:\/\/www.jurassicgin.ch\/wp-content\/uploads\/2023\/03\/logo_jurassic_gin.svg","width":"1024","height":"1024","caption":"Jurassic Spirits S\u00e0rl"},"image":{"@id":"https:\/\/www.jurassicgin.ch\/#\/schema\/logo\/image\/"},"sameAs":["https:\/\/www.facebook.com\/jurassicgin\/"]}]}},"_links":{"self":[{"href":"https:\/\/www.jurassicgin.ch\/de\/wp-json\/wp\/v2\/pages\/30206","targetHints":{"allow":["GET"]}}],"collection":[{"href":"https:\/\/www.jurassicgin.ch\/de\/wp-json\/wp\/v2\/pages"}],"about":[{"href":"https:\/\/www.jurassicgin.ch\/de\/wp-json\/wp\/v2\/types\/page"}],"author":[{"embeddable":true,"href":"https:\/\/www.jurassicgin.ch\/de\/wp-json\/wp\/v2\/users\/5"}],"replies":[{"embeddable":true,"href":"https:\/\/www.jurassicgin.ch\/de\/wp-json\/wp\/v2\/comments?post=30206"}],"version-history":[{"count":0,"href":"https:\/\/www.jurassicgin.ch\/de\/wp-json\/wp\/v2\/pages\/30206\/revisions"}],"wp:attachment":[{"href":"https:\/\/www.jurassicgin.ch\/de\/wp-json\/wp\/v2\/media?parent=30206"}],"curies":[{"name":"wp","href":"https:\/\/api.w.org\/{rel}","templated":true}]}}