{"id":30049,"date":"2023-06-08T15:39:07","date_gmt":"2023-06-08T13:39:07","guid":{"rendered":"https:\/\/suisseinternet.ch\/?page_id=30049"},"modified":"2026-01-26T08:34:11","modified_gmt":"2026-01-26T07:34:11","slug":"points-of-sale","status":"publish","type":"page","link":"https:\/\/www.jurassicgin.ch\/en\/points-of-sale\/","title":{"rendered":"POINTS OF SALE"},"content":{"rendered":"<p>[et_pb_section fb_built=\u00a0\u00bb1&Prime; _builder_version=\u00a0\u00bb4.20.2&Prime; _module_preset=\u00a0\u00bbdefault\u00a0\u00bb background_color=\u00a0\u00bbgcid-86c55981-0a35-4e1f-97dd-894817a554b1&Prime; custom_padding=\u00a0\u00bb190px||0px|||\u00a0\u00bb global_colors_info=\u00a0\u00bb{%22gcid-86c55981-0a35-4e1f-97dd-894817a554b1%22:%91%22background_color%22%93}\u00a0\u00bb][et_pb_row _builder_version=\u00a0\u00bb4.20.2&Prime; _module_preset=\u00a0\u00bbdefault\u00a0\u00bb global_colors_info=\u00a0\u00bb{}\u00a0\u00bb][et_pb_column type=\u00a0\u00bb4_4&Prime; _builder_version=\u00a0\u00bb4.20.2&Prime; _module_preset=\u00a0\u00bbdefault\u00a0\u00bb global_colors_info=\u00a0\u00bb{}\u00a0\u00bb][et_pb_text _builder_version=\u00a0\u00bb4.27.5&Prime; _module_preset=\u00a0\u00bbdefault\u00a0\u00bb hover_enabled=\u00a0\u00bb0&Prime; global_colors_info=\u00a0\u00bb{}\u00a0\u00bb sticky_enabled=\u00a0\u00bb0&Prime;]<\/p>\n<h1 style=\"text-align: center;\"><span><strong>\u00abFind out where to enjoy and acquire Jurassic Gin\u2122\u00bb.\u00bb<\/strong><\/span><\/h1>\n<p>[\/et_pb_text][\/et_pb_column][\/et_pb_row][\/et_pb_section][et_pb_section fb_built=\u00a0\u00bb1&Prime; _builder_version=\u00a0\u00bb4.20.2&Prime; _module_preset=\u00a0\u00bbdefault\u00a0\u00bb background_color=\u00a0\u00bbgcid-86c55981-0a35-4e1f-97dd-894817a554b1&Prime; custom_padding=\u00a0\u00bb0px||0px|||\u00a0\u00bb global_colors_info=\u00a0\u00bb{%22gcid-86c55981-0a35-4e1f-97dd-894817a554b1%22:%91%22background_color%22%93}\u00a0\u00bb][et_pb_row _builder_version=\u00a0\u00bb4.27.5&Prime; _module_preset=\u00a0\u00bbdefault\u00a0\u00bb global_colors_info=\u00a0\u00bb{}\u00a0\u00bb][et_pb_column type=\u00a0\u00bb4_4&Prime; _builder_version=\u00a0\u00bb4.27.5&Prime; _module_preset=\u00a0\u00bbdefault\u00a0\u00bb global_colors_info=\u00a0\u00bb{}\u00a0\u00bb][et_pb_text _builder_version=\u00a0\u00bb4.27.5&Prime; _module_preset=\u00a0\u00bbdefault\u00a0\u00bb global_colors_info=\u00a0\u00bb{}\u00a0\u00bb]<\/p>\n<style>\r\n\t#wpsl-stores .wpsl-store-thumb {height:45px !important; width:45px !important;}\r\n\t#wpsl-stores, #wpsl-direction-details, #wpsl-gmap {height:700px !important;}\r\n\t#wpsl-gmap .wpsl-info-window {max-width:225px !important;}\r\n\t.wpsl-input label, #wpsl-radius label, #wpsl-category label {width:95px;}\r\n\t#wpsl-search-input  {width:179px;}\r\n<\/style>\r\n<div id=\"wpsl-wrap\">\r\n\t<div class=\"wpsl-search wpsl-clearfix wpsl-filter wpsl-checkboxes-enabled\">\r\n\t\t<div id=\"wpsl-search-wrap\">\r\n\t\t\t<form autocomplete=\"off\" action=\"\">\r\n\t\t\t<div class=\"wpsl-input\">\r\n\t\t\t\t<div><label for=\"wpsl-search-input\">Your location<\/label><\/div>\r\n\t\t\t\t<input id=\"wpsl-search-input\" type=\"text\" value=\"\" name=\"wpsl-search-input\" placeholder=\"\" aria-required=\"true\" \/>\r\n\t\t\t<\/div>\r\n\t\t\t<div class=\"wpsl-select-wrap\">\r\n\t\t\t\t<div id=\"wpsl-radius\">\r\n\t\t\t\t\t<label for=\"wpsl-radius-dropdown\">Search radius<\/label>\r\n\t\t\t\t\t<select id=\"wpsl-radius-dropdown\" class=\"wpsl-dropdown\" name=\"wpsl-radius\">\r\n\t\t\t\t\t\t<option value=\"10\">10 km<\/option><option value=\"25\">25 km<\/option><option value=\"50\">50 km<\/option><option value=\"100\">100 km<\/option><option value=\"200\">200 km<\/option><option selected=\"selected\" value=\"500\">500 km<\/option>\r\n\t\t\t\t\t<\/select>\r\n\t\t\t\t<\/div>\r\n\t\t\t\t<div id=\"wpsl-results\">\r\n\t\t\t\t\t<label for=\"wpsl-results-dropdown\">Results<\/label>\r\n\t\t\t\t\t<select id=\"wpsl-results-dropdown\" class=\"wpsl-dropdown\" name=\"wpsl-results\">\r\n\t\t\t\t\t\t<option value=\"25\">25<\/option><option value=\"50\">50<\/option><option value=\"75\">75<\/option><option selected=\"selected\" value=\"100\">100<\/option>\r\n\t\t\t\t\t<\/select>\r\n\t\t\t\t<\/div>\r\n\t\t\t<\/div>\r\n<ul id=\"wpsl-checkbox-filter\" class=\"wpsl-checkbox-3-columns\"><li><label><input type=\"checkbox\" value=\"38\"  \/>Bar<\/label><\/li><li><label><input type=\"checkbox\" value=\"41\"  \/>Bar &amp; Restaurant<\/label><\/li><li><label><input type=\"checkbox\" value=\"37\"  \/>Company shop<\/label><\/li><li><label><input type=\"checkbox\" value=\"43\"  \/>Discotheque<\/label><\/li><li><label><input type=\"checkbox\" value=\"42\"  \/>Hotel<\/label><\/li><li><label><input type=\"checkbox\" value=\"40\"  \/>Restaurant<\/label><\/li><li><label><input type=\"checkbox\" value=\"39\"  \/>Shop<\/label><\/li><\/ul>\t\t\t\t<div class=\"wpsl-search-btn-wrap\"><input id=\"wpsl-search-btn\" type=\"submit\" value=\"Search\"><\/div>\r\n\t\t<input type=\"hidden\" name=\"trp-form-language\" value=\"en\"\/><\/form>\r\n\t\t<\/div>\r\n\t<\/div>\r\n\t<div id=\"wpsl-gmap\" class=\"wpsl-gmap-canvas\"><\/div>\r\n\t<div id=\"wpsl-result-list\">\r\n\t\t<div id=\"wpsl-stores\" >\r\n\t\t\t<ul><\/ul>\r\n\t\t<\/div>\r\n\t\t<div id=\"wpsl-direction-details\">\r\n\t\t\t<ul><\/ul>\r\n\t\t<\/div>\r\n\t<\/div>\r\n<\/div>\r\n\n<p>[\/et_pb_text][\/et_pb_column][\/et_pb_row][\/et_pb_section]<\/p>","protected":false},"excerpt":{"rendered":"<p>\u00abFind out where to enjoy and acquire Jurassic Gin\u2122\u00bb.\u00bb<style>\r\n\t#wpsl-stores .wpsl-store-thumb {height:45px !important; width:45px !important;}\r\n\t#wpsl-stores, #wpsl-direction-details, #wpsl-gmap {height:700px !important;}\r\n\t#wpsl-gmap .wpsl-info-window {max-width:225px !important;}\r\n\t.wpsl-input label, #wpsl-radius label, #wpsl-category label {width:95px;}\r\n\t#wpsl-search-input  {width:179px;}\r\n<\/style>\r\n<div id=\"wpsl-wrap\">\r\n\t<div class=\"wpsl-search wpsl-clearfix wpsl-filter wpsl-checkboxes-enabled\">\r\n\t\t<div id=\"wpsl-search-wrap\">\r\n\t\t\t<form autocomplete=\"off\" action=\"\">\r\n\t\t\t<div class=\"wpsl-input\">\r\n\t\t\t\t<div><label for=\"wpsl-search-input\">Your location<\/label><\/div>\r\n\t\t\t\t<input id=\"wpsl-search-input\" type=\"text\" value=\"\" name=\"wpsl-search-input\" placeholder=\"\" aria-required=\"true\" \/>\r\n\t\t\t<\/div>\r\n\t\t\t<div class=\"wpsl-select-wrap\">\r\n\t\t\t\t<div id=\"wpsl-radius\">\r\n\t\t\t\t\t<label for=\"wpsl-radius-dropdown\">Search radius<\/label>\r\n\t\t\t\t\t<select id=\"wpsl-radius-dropdown\" class=\"wpsl-dropdown\" name=\"wpsl-radius\">\r\n\t\t\t\t\t\t<option value=\"10\">10 km<\/option><option value=\"25\">25 km<\/option><option value=\"50\">50 km<\/option><option value=\"100\">100 km<\/option><option value=\"200\">200 km<\/option><option selected=\"selected\" value=\"500\">500 km<\/option>\r\n\t\t\t\t\t<\/select>\r\n\t\t\t\t<\/div>\r\n\t\t\t\t<div id=\"wpsl-results\">\r\n\t\t\t\t\t<label for=\"wpsl-results-dropdown\">Results<\/label>\r\n\t\t\t\t\t<select id=\"wpsl-results-dropdown\" class=\"wpsl-dropdown\" name=\"wpsl-results\">\r\n\t\t\t\t\t\t<option value=\"25\">25<\/option><option value=\"50\">50<\/option><option value=\"75\">75<\/option><option selected=\"selected\" value=\"100\">100<\/option>\r\n\t\t\t\t\t<\/select>\r\n\t\t\t\t<\/div>\r\n\t\t\t<\/div>\r\n<ul id=\"wpsl-checkbox-filter\" class=\"wpsl-checkbox-3-columns\"><li><label><input type=\"checkbox\" value=\"38\"  \/>Bar<\/label><\/li><li><label><input type=\"checkbox\" value=\"41\"  \/>Bar &amp; Restaurant<\/label><\/li><li><label><input type=\"checkbox\" value=\"37\"  \/>Company shop<\/label><\/li><li><label><input type=\"checkbox\" value=\"43\"  \/>Discotheque<\/label><\/li><li><label><input type=\"checkbox\" value=\"42\"  \/>Hotel<\/label><\/li><li><label><input type=\"checkbox\" value=\"40\"  \/>Restaurant<\/label><\/li><li><label><input type=\"checkbox\" value=\"39\"  \/>Shop<\/label><\/li><\/ul>\t\t\t\t<div class=\"wpsl-search-btn-wrap\"><input id=\"wpsl-search-btn\" type=\"submit\" value=\"Search\"><\/div>\r\n\t\t<input type=\"hidden\" name=\"trp-form-language\" value=\"en\"\/><\/form>\r\n\t\t<\/div>\r\n\t<\/div>\r\n\t<div id=\"wpsl-gmap\" class=\"wpsl-gmap-canvas\"><\/div>\r\n\t<div id=\"wpsl-result-list\">\r\n\t\t<div id=\"wpsl-stores\" >\r\n\t\t\t<ul><\/ul>\r\n\t\t<\/div>\r\n\t\t<div id=\"wpsl-direction-details\">\r\n\t\t\t<ul><\/ul>\r\n\t\t<\/div>\r\n\t<\/div>\r\n<\/div>\r\n<\/p>","protected":false},"author":5,"featured_media":0,"parent":0,"menu_order":0,"comment_status":"closed","ping_status":"closed","template":"","meta":{"_et_pb_use_builder":"on","_et_pb_old_content":"","_et_gb_content_width":"","footnotes":""},"class_list":["post-30049","page","type-page","status-publish","hentry"],"yoast_head":"<!-- This site is optimized with the Yoast SEO plugin v27.6 - https:\/\/yoast.com\/product\/yoast-seo-wordpress\/ -->\n<title>POINTS DE VENTE - Jurassic Gin<\/title>\n<meta name=\"robots\" content=\"index, follow, max-snippet:-1, max-image-preview:large, max-video-preview:-1\" \/>\n<link rel=\"canonical\" href=\"https:\/\/www.jurassicgin.ch\/en\/points-of-sale\/\" \/>\n<meta property=\"og:locale\" content=\"en_GB\" \/>\n<meta property=\"og:type\" content=\"article\" \/>\n<meta property=\"og:title\" content=\"POINTS DE VENTE - Jurassic Gin\" \/>\n<meta property=\"og:description\" content=\"\u00ab D\u00e9couvrez o\u00f9 appr\u00e9cier et acqu\u00e9rir le Jurassic Gin\u2122 \u00bb\" \/>\n<meta property=\"og:url\" content=\"https:\/\/www.jurassicgin.ch\/en\/points-of-sale\/\" \/>\n<meta property=\"og:site_name\" content=\"Jurassic Gin\" \/>\n<meta property=\"article:publisher\" content=\"https:\/\/www.facebook.com\/jurassicgin\/\" \/>\n<meta property=\"article:modified_time\" content=\"2026-01-26T07:34:11+00:00\" \/>\n<meta name=\"twitter:card\" content=\"summary_large_image\" \/>\n<meta name=\"twitter:label1\" content=\"Estimated reading time\" \/>\n\t<meta name=\"twitter:data1\" content=\"1 minute\" \/>\n<script type=\"application\/ld+json\" class=\"yoast-schema-graph\">{\"@context\":\"https:\\\/\\\/schema.org\",\"@graph\":[{\"@type\":\"WebPage\",\"@id\":\"https:\\\/\\\/www.jurassicgin.ch\\\/points-de-vente\\\/\",\"url\":\"https:\\\/\\\/www.jurassicgin.ch\\\/points-de-vente\\\/\",\"name\":\"POINTS DE VENTE - Jurassic Gin\",\"isPartOf\":{\"@id\":\"https:\\\/\\\/www.jurassicgin.ch\\\/#website\"},\"datePublished\":\"2023-06-08T13:39:07+00:00\",\"dateModified\":\"2026-01-26T07:34:11+00:00\",\"breadcrumb\":{\"@id\":\"https:\\\/\\\/www.jurassicgin.ch\\\/points-de-vente\\\/#breadcrumb\"},\"inLanguage\":\"en-GB\",\"potentialAction\":[{\"@type\":\"ReadAction\",\"target\":[\"https:\\\/\\\/www.jurassicgin.ch\\\/points-de-vente\\\/\"]}]},{\"@type\":\"BreadcrumbList\",\"@id\":\"https:\\\/\\\/www.jurassicgin.ch\\\/points-de-vente\\\/#breadcrumb\",\"itemListElement\":[{\"@type\":\"ListItem\",\"position\":1,\"name\":\"Accueil\",\"item\":\"https:\\\/\\\/www.jurassicgin.ch\\\/\"},{\"@type\":\"ListItem\",\"position\":2,\"name\":\"POINTS DE VENTE\"}]},{\"@type\":\"WebSite\",\"@id\":\"https:\\\/\\\/www.jurassicgin.ch\\\/#website\",\"url\":\"https:\\\/\\\/www.jurassicgin.ch\\\/\",\"name\":\"Jurassic Gin\",\"description\":\"Une histoire commenc\u00e9e il y a 152 millions d\u2019ann\u00e9es\u2026 et qui continue ...\",\"publisher\":{\"@id\":\"https:\\\/\\\/www.jurassicgin.ch\\\/#organization\"},\"potentialAction\":[{\"@type\":\"SearchAction\",\"target\":{\"@type\":\"EntryPoint\",\"urlTemplate\":\"https:\\\/\\\/www.jurassicgin.ch\\\/?s={search_term_string}\"},\"query-input\":{\"@type\":\"PropertyValueSpecification\",\"valueRequired\":true,\"valueName\":\"search_term_string\"}}],\"inLanguage\":\"en-GB\"},{\"@type\":\"Organization\",\"@id\":\"https:\\\/\\\/www.jurassicgin.ch\\\/#organization\",\"name\":\"Jurassic Spirits S\u00e0rl\",\"url\":\"https:\\\/\\\/www.jurassicgin.ch\\\/\",\"logo\":{\"@type\":\"ImageObject\",\"inLanguage\":\"en-GB\",\"@id\":\"https:\\\/\\\/www.jurassicgin.ch\\\/#\\\/schema\\\/logo\\\/image\\\/\",\"url\":\"http:\\\/\\\/www.jurassicgin.ch\\\/wp-content\\\/uploads\\\/2023\\\/03\\\/logo_jurassic_gin.svg\",\"contentUrl\":\"http:\\\/\\\/www.jurassicgin.ch\\\/wp-content\\\/uploads\\\/2023\\\/03\\\/logo_jurassic_gin.svg\",\"width\":\"1024\",\"height\":\"1024\",\"caption\":\"Jurassic Spirits S\u00e0rl\"},\"image\":{\"@id\":\"https:\\\/\\\/www.jurassicgin.ch\\\/#\\\/schema\\\/logo\\\/image\\\/\"},\"sameAs\":[\"https:\\\/\\\/www.facebook.com\\\/jurassicgin\\\/\"]}]}<\/script>\n<!-- \/ Yoast SEO plugin. -->","yoast_head_json":{"title":"Points of sale - Jurassic Gin","robots":{"index":"index","follow":"follow","max-snippet":"max-snippet:-1","max-image-preview":"max-image-preview:large","max-video-preview":"max-video-preview:-1"},"canonical":"https:\/\/www.jurassicgin.ch\/en\/points-of-sale\/","og_locale":"en_GB","og_type":"article","og_title":"POINTS DE VENTE - Jurassic Gin","og_description":"\u00ab D\u00e9couvrez o\u00f9 appr\u00e9cier et acqu\u00e9rir le Jurassic Gin\u2122 \u00bb","og_url":"https:\/\/www.jurassicgin.ch\/en\/points-of-sale\/","og_site_name":"Jurassic Gin","article_publisher":"https:\/\/www.facebook.com\/jurassicgin\/","article_modified_time":"2026-01-26T07:34:11+00:00","twitter_card":"summary_large_image","twitter_misc":{"Estimated reading time":"1 minute"},"schema":{"@context":"https:\/\/schema.org","@graph":[{"@type":"WebPage","@id":"https:\/\/www.jurassicgin.ch\/points-de-vente\/","url":"https:\/\/www.jurassicgin.ch\/points-de-vente\/","name":"Points of sale - Jurassic Gin","isPartOf":{"@id":"https:\/\/www.jurassicgin.ch\/#website"},"datePublished":"2023-06-08T13:39:07+00:00","dateModified":"2026-01-26T07:34:11+00:00","breadcrumb":{"@id":"https:\/\/www.jurassicgin.ch\/points-de-vente\/#breadcrumb"},"inLanguage":"en-GB","potentialAction":[{"@type":"ReadAction","target":["https:\/\/www.jurassicgin.ch\/points-de-vente\/"]}]},{"@type":"BreadcrumbList","@id":"https:\/\/www.jurassicgin.ch\/points-de-vente\/#breadcrumb","itemListElement":[{"@type":"ListItem","position":1,"name":"Accueil","item":"https:\/\/www.jurassicgin.ch\/"},{"@type":"ListItem","position":2,"name":"POINTS DE VENTE"}]},{"@type":"WebSite","@id":"https:\/\/www.jurassicgin.ch\/#website","url":"https:\/\/www.jurassicgin.ch\/","name":"Jurassic Gin","description":"A story that began 152 million years ago... and continues to this day...","publisher":{"@id":"https:\/\/www.jurassicgin.ch\/#organization"},"potentialAction":[{"@type":"SearchAction","target":{"@type":"EntryPoint","urlTemplate":"https:\/\/www.jurassicgin.ch\/?s={search_term_string}"},"query-input":{"@type":"PropertyValueSpecification","valueRequired":true,"valueName":"search_term_string"}}],"inLanguage":"en-GB"},{"@type":"Organization","@id":"https:\/\/www.jurassicgin.ch\/#organization","name":"Jurassic Spirits S\u00e0rl","url":"https:\/\/www.jurassicgin.ch\/","logo":{"@type":"ImageObject","inLanguage":"en-GB","@id":"https:\/\/www.jurassicgin.ch\/#\/schema\/logo\/image\/","url":"http:\/\/www.jurassicgin.ch\/wp-content\/uploads\/2023\/03\/logo_jurassic_gin.svg","contentUrl":"http:\/\/www.jurassicgin.ch\/wp-content\/uploads\/2023\/03\/logo_jurassic_gin.svg","width":"1024","height":"1024","caption":"Jurassic Spirits S\u00e0rl"},"image":{"@id":"https:\/\/www.jurassicgin.ch\/#\/schema\/logo\/image\/"},"sameAs":["https:\/\/www.facebook.com\/jurassicgin\/"]}]}},"_links":{"self":[{"href":"https:\/\/www.jurassicgin.ch\/en\/wp-json\/wp\/v2\/pages\/30049","targetHints":{"allow":["GET"]}}],"collection":[{"href":"https:\/\/www.jurassicgin.ch\/en\/wp-json\/wp\/v2\/pages"}],"about":[{"href":"https:\/\/www.jurassicgin.ch\/en\/wp-json\/wp\/v2\/types\/page"}],"author":[{"embeddable":true,"href":"https:\/\/www.jurassicgin.ch\/en\/wp-json\/wp\/v2\/users\/5"}],"replies":[{"embeddable":true,"href":"https:\/\/www.jurassicgin.ch\/en\/wp-json\/wp\/v2\/comments?post=30049"}],"version-history":[{"count":0,"href":"https:\/\/www.jurassicgin.ch\/en\/wp-json\/wp\/v2\/pages\/30049\/revisions"}],"wp:attachment":[{"href":"https:\/\/www.jurassicgin.ch\/en\/wp-json\/wp\/v2\/media?parent=30049"}],"curies":[{"name":"wp","href":"https:\/\/api.w.org\/{rel}","templated":true}]}}