{"id":29657,"date":"2023-03-16T17:14:54","date_gmt":"2023-03-16T16:14:54","guid":{"rendered":"https:\/\/suisseinternet.ch\/?post_type=product&#038;p=29657"},"modified":"2026-04-14T15:35:37","modified_gmt":"2026-04-14T13:35:37","slug":"jurassic-gin-hand-crafted-pleasure-spirits-made-with-passion","status":"publish","type":"product","link":"https:\/\/www.jurassicgin.ch\/en\/product\/jurassic-gin-hand-crafted-pleasure-spirits-made-with-passion\/","title":{"rendered":"JURASSIC GIN (70CL) 41% Vol."},"content":{"rendered":"<p>[et_pb_section fb_built=\u00bb1\u2033 _builder_version=\u00bb4.27.4\u2033 _module_preset=\u00bbdefault \u00bb background_color=\u00bbRGBA(255,255,255,0) \u00bb custom_margin=\u00bb0px|0px|0px|0px|false|false \u00bb custom_padding=\u00bb80px|0px|0px|0px|false|false \u00bb collapsed=\u00bboff \u00bb global_colors_info=\u00bb{}\u00bb][et_pb_row _builder_version=\u00bb4.27.4\u2033 _module_preset=\u00bbdefault \u00bb background_color=\u00bbRGBA(255,255,255,0) \u00bb global_colors_info=\u00bb{} \u00bb][et_pb_column type=\u00bb4_4\u2033 _builder_version=\u00bb4.27.4\u2033 _module_preset=\u00bbdefault \u00bb custom_padding=\u00bb0px|0px|0px|0px|false|false \u00bb global_colors_info=\u00bb{} \u00bb][et_pb_text _builder_version=\u00bb4.27.4\u2033 _module_preset=\u00bbdefault \u00bb background_color=\u00bbRGBA(255,255,255,0) \u00bb custom_margin=\u00bb0px|0px|0px|0px|false|false \u00bb custom_padding=\u00bb0px|0px|0px|0px|false|false \u00bb global_colors_info=\u00bb{} \u00bb]<\/p>\n<h3 style=\"text-align: left;\" class=\" translation-block\">\u00abHand Crafted Pleasure,<br>Spirits Made with Passion\u00bb<\/h3>\n<p>[\/et_pb_text][\/et_pb_column][\/et_pb_row][\/et_pb_section][et_pb_section fb_built=\u00a0\u00bb1&Prime; _builder_version=\u00a0\u00bb4.27.4&Prime; background_color=\u00a0\u00bbgcid-86c55981-0a35-4e1f-97dd-894817a554b1&Prime; custom_margin=\u00a0\u00bb||||false|false\u00a0\u00bb custom_padding=\u00a0\u00bb||||false|false\u00a0\u00bb collapsed=\u00a0\u00bboff\u00a0\u00bb global_colors_info=\u00a0\u00bb{%22gcid-86c55981-0a35-4e1f-97dd-894817a554b1%22:%91%22background_color%22%93}\u00a0\u00bb][et_pb_row custom_padding_last_edited=\u00a0\u00bbon|phone\u00a0\u00bb _builder_version=\u00a0\u00bb4.27.4&Prime; background_size=\u00a0\u00bbinitial\u00a0\u00bb background_position=\u00a0\u00bbtop_left\u00a0\u00bb background_repeat=\u00a0\u00bbrepeat\u00a0\u00bb width=\u00a0\u00bb100%\u00a0\u00bb custom_padding=\u00a0\u00bb10px||0px||false|false\u00a0\u00bb custom_padding_tablet=\u00a0\u00bb10px||0px||false|false\u00a0\u00bb custom_padding_phone=\u00a0\u00bb10px||0px||false|false\u00a0\u00bb global_colors_info=\u00a0\u00bb{}\u00a0\u00bb][et_pb_column type=\u00a0\u00bb4_4&Prime; _builder_version=\u00a0\u00bb4.16&Prime; custom_padding=\u00a0\u00bb|||\u00a0\u00bb global_colors_info=\u00a0\u00bb{}\u00a0\u00bb custom_padding__hover=\u00a0\u00bb|||\u00a0\u00bb][et_pb_wc_cart_notice _builder_version=\u00a0\u00bb4.22.1&Prime; title_font=\u00a0\u00bb|||on|on|||gcid-82b3b897-3bf9-4d90-9d36-54faf2de9082|\u00a0\u00bb title_text_color=\u00a0\u00bbgcid-82b3b897-3bf9-4d90-9d36-54faf2de9082&Prime; title_line_height=\u00a0\u00bb2.2em\u00a0\u00bb error_text_color=\u00a0\u00bb#E02B20&Prime; content_text_color=\u00a0\u00bbgcid-82b3b897-3bf9-4d90-9d36-54faf2de9082&Prime; background_color=\u00a0\u00bbRGBA(255,255,255,0)\u00a0\u00bb custom_button=\u00a0\u00bbon\u00a0\u00bb button_text_color=\u00a0\u00bbgcid-86c55981-0a35-4e1f-97dd-894817a554b1&Prime; button_bg_color=\u00a0\u00bbgcid-82b3b897-3bf9-4d90-9d36-54faf2de9082&Prime; button_border_width=\u00a0\u00bb0px\u00a0\u00bb button_icon=\u00a0\u00bb&#xe07a;||divi||400&Prime; button_icon_color=\u00a0\u00bbgcid-86c55981-0a35-4e1f-97dd-894817a554b1&Prime; button_on_hover=\u00a0\u00bboff\u00a0\u00bb button_custom_margin=\u00a0\u00bb||||false|false\u00a0\u00bb button_custom_margin_tablet=\u00a0\u00bb||||false|false\u00a0\u00bb button_custom_margin_phone=\u00a0\u00bb|30px|25px||false|false\u00a0\u00bb button_custom_margin_last_edited=\u00a0\u00bbon|phone\u00a0\u00bb button_custom_padding=\u00a0\u00bb|50px||30px|false|false\u00a0\u00bb content_text_align_tablet=\u00a0\u00bb\u00a0\u00bb content_text_align_phone=\u00a0\u00bbcenter\u00a0\u00bb content_text_align_last_edited=\u00a0\u00bbon|phone\u00a0\u00bb text_orientation_tablet=\u00a0\u00bb\u00a0\u00bb text_orientation_phone=\u00a0\u00bbcenter\u00a0\u00bb text_orientation_last_edited=\u00a0\u00bbon|phone\u00a0\u00bb module_alignment_tablet=\u00a0\u00bb\u00a0\u00bb module_alignment_phone=\u00a0\u00bbcenter\u00a0\u00bb module_alignment_last_edited=\u00a0\u00bbon|phone\u00a0\u00bb border_radii=\u00a0\u00bbon|100px|100px|100px|100px\u00a0\u00bb box_shadow_style_button=\u00a0\u00bbpreset1&Prime; box_shadow_color_button=\u00a0\u00bbgcid-299be38f-8cf2-481a-a20d-b9b1d6b02809&Prime; global_colors_info=\u00a0\u00bb{%22gcid-82b3b897-3bf9-4d90-9d36-54faf2de9082%22:%91%22title_text_color%22,%22content_text_color%22,%22button_bg_color%22%93,%22gcid-86c55981-0a35-4e1f-97dd-894817a554b1%22:%91%22button_text_color%22,%22button_icon_color%22%93,%22gcid-299be38f-8cf2-481a-a20d-b9b1d6b02809%22:%91%22box_shadow_color_button%22%93}\u00a0\u00bb box_shadow_spread_button__hover_enabled=\u00a0\u00bbon|hover\u00a0\u00bb box_shadow_spread_button__hover=\u00a0\u00bb-6px\u00a0\u00bb][\/et_pb_wc_cart_notice][\/et_pb_column][\/et_pb_row][et_pb_row column_structure=\u00a0\u00bb1_2,1_2&Prime; custom_padding_last_edited=\u00a0\u00bbon|phone\u00a0\u00bb _builder_version=\u00a0\u00bb4.27.4&Prime; background_size=\u00a0\u00bbinitial\u00a0\u00bb background_position=\u00a0\u00bbtop_left\u00a0\u00bb background_repeat=\u00a0\u00bbrepeat\u00a0\u00bb width=\u00a0\u00bb100%\u00a0\u00bb custom_padding=\u00a0\u00bb0px||35px||false|false\u00a0\u00bb custom_padding_tablet=\u00a0\u00bb0px||35px||false|false\u00a0\u00bb custom_padding_phone=\u00a0\u00bb0px||35px||false|false\u00a0\u00bb global_colors_info=\u00a0\u00bb{}\u00a0\u00bb][et_pb_column type=\u00a0\u00bb1_2&Prime; _builder_version=\u00a0\u00bb4.27.4&Prime; custom_padding=\u00a0\u00bb|||\u00a0\u00bb custom_padding_tablet=\u00a0\u00bb|||\u00a0\u00bb custom_padding_phone=\u00a0\u00bb0px||||false|false\u00a0\u00bb custom_padding_last_edited=\u00a0\u00bbon|phone\u00a0\u00bb global_colors_info=\u00a0\u00bb{}\u00a0\u00bb custom_padding__hover=\u00a0\u00bb|||\u00a0\u00bb][et_pb_wc_images sale_badge_color=\u00a0\u00bbgcid-82b3b897-3bf9-4d90-9d36-54faf2de9082&Prime; _builder_version=\u00a0\u00bb4.20.2&Prime; sale_badge_text_color=\u00a0\u00bbgcid-86c55981-0a35-4e1f-97dd-894817a554b1&Prime; global_colors_info=\u00a0\u00bb{%22gcid-86c55981-0a35-4e1f-97dd-894817a554b1%22:%91%22sale_badge_text_color%22%93,%22gcid-82b3b897-3bf9-4d90-9d36-54faf2de9082%22:%91%22sale_badge_color%22%93}\u00a0\u00bb][\/et_pb_wc_images][\/et_pb_column][et_pb_column type=\u00a0\u00bb1_2&Prime; _builder_version=\u00a0\u00bb4.16&Prime; custom_padding=\u00a0\u00bb|||\u00a0\u00bb global_colors_info=\u00a0\u00bb{}\u00a0\u00bb custom_padding__hover=\u00a0\u00bb|||\u00a0\u00bb][et_pb_wc_title _builder_version=\u00a0\u00bb4.16&Prime; global_colors_info=\u00a0\u00bb{}\u00a0\u00bb][\/et_pb_wc_title][et_pb_wc_price _builder_version=\u00a0\u00bb4.20.2&Prime; body_text_color=\u00a0\u00bbgcid-299be38f-8cf2-481a-a20d-b9b1d6b02809&Prime; body_font_size=\u00a0\u00bb45px\u00a0\u00bb global_colors_info=\u00a0\u00bb{%22gcid-299be38f-8cf2-481a-a20d-b9b1d6b02809%22:%91%22body_text_color%22%93}\u00a0\u00bb][\/et_pb_wc_price][et_pb_wc_description _builder_version=\u00a0\u00bb4.22.1&Prime; global_colors_info=\u00a0\u00bb{}\u00a0\u00bb][\/et_pb_wc_description][et_pb_wc_add_to_cart field_label_position=\u00a0\u00bbinline\u00a0\u00bb field_label_position_tablet=\u00a0\u00bbinline\u00a0\u00bb field_label_position_phone=\u00a0\u00bbstacked\u00a0\u00bb field_label_position_last_edited=\u00a0\u00bbon|phone\u00a0\u00bb _builder_version=\u00a0\u00bb4.20.2&Prime; fields_background_color=\u00a0\u00bbgcid-299be38f-8cf2-481a-a20d-b9b1d6b02809&Prime; fields_text_color=\u00a0\u00bbgcid-86c55981-0a35-4e1f-97dd-894817a554b1&Prime; fields_focus_background_color=\u00a0\u00bbgcid-82b3b897-3bf9-4d90-9d36-54faf2de9082&Prime; fields_focus_text_color=\u00a0\u00bbgcid-86c55981-0a35-4e1f-97dd-894817a554b1&Prime; field_label_text_color=\u00a0\u00bbgcid-86c55981-0a35-4e1f-97dd-894817a554b1&Prime; custom_button=\u00a0\u00bbon\u00a0\u00bb button_text_color=\u00a0\u00bbgcid-86c55981-0a35-4e1f-97dd-894817a554b1&Prime; button_font=\u00a0\u00bb|||on|||||\u00a0\u00bb button_use_icon=\u00a0\u00bboff\u00a0\u00bb button_custom_margin=\u00a0\u00bb||||false|false\u00a0\u00bb button_custom_margin_tablet=\u00a0\u00bb||||false|false\u00a0\u00bb button_custom_margin_phone=\u00a0\u00bb|||38px|false|false\u00a0\u00bb button_custom_margin_last_edited=\u00a0\u00bbon|phone\u00a0\u00bb field_label_text_align_tablet=\u00a0\u00bb\u00a0\u00bb field_label_text_align_phone=\u00a0\u00bbcenter\u00a0\u00bb field_label_text_align_last_edited=\u00a0\u00bbon|phone\u00a0\u00bb module_alignment_tablet=\u00a0\u00bb\u00a0\u00bb module_alignment_phone=\u00a0\u00bbcenter\u00a0\u00bb module_alignment_last_edited=\u00a0\u00bbon|phone\u00a0\u00bb border_radii_fields=\u00a0\u00bbon|5px|5px|5px|5px\u00a0\u00bb box_shadow_style_button=\u00a0\u00bbpreset1&Prime; box_shadow_color_button=\u00a0\u00bbgcid-299be38f-8cf2-481a-a20d-b9b1d6b02809&Prime; global_colors_info=\u00a0\u00bb{%22gcid-86c55981-0a35-4e1f-97dd-894817a554b1%22:%91%22button_text_color%22,%22field_label_text_color%22,%22fields_text_color%22,%22fields_focus_text_color%22%93,%22gcid-299be38f-8cf2-481a-a20d-b9b1d6b02809%22:%91%22fields_background_color%22,%22box_shadow_color_button%22%93,%22gcid-82b3b897-3bf9-4d90-9d36-54faf2de9082%22:%91%22fields_focus_background_color%22%93}\u00a0\u00bb box_shadow_color_button__hover_enabled=\u00a0\u00bbon|hover\u00a0\u00bb box_shadow_spread_button__hover_enabled=\u00a0\u00bbon|hover\u00a0\u00bb box_shadow_spread_button__hover=\u00a0\u00bb-5px\u00a0\u00bb box_shadow_color_button__hover=\u00a0\u00bbrgba(208,188,136,0.52)\u00a0\u00bb][\/et_pb_wc_add_to_cart][\/et_pb_column][\/et_pb_row][et_pb_row disabled_on=\u00a0\u00bbon|on|on\u00a0\u00bb _builder_version=\u00a0\u00bb4.16&Prime; background_size=\u00a0\u00bbinitial\u00a0\u00bb background_position=\u00a0\u00bbtop_left\u00a0\u00bb background_repeat=\u00a0\u00bbrepeat\u00a0\u00bb width=\u00a0\u00bb100%\u00a0\u00bb custom_margin=\u00a0\u00bb27px|auto||auto||\u00a0\u00bb disabled=\u00a0\u00bbon\u00a0\u00bb global_colors_info=\u00a0\u00bb{}\u00a0\u00bb][et_pb_column type=\u00a0\u00bb4_4&Prime; _builder_version=\u00a0\u00bb4.16&Prime; custom_padding=\u00a0\u00bb|||\u00a0\u00bb global_colors_info=\u00a0\u00bb{}\u00a0\u00bb custom_padding__hover=\u00a0\u00bb|||\u00a0\u00bb][et_pb_wc_tabs active_tab_background_color=\u00a0\u00bbgcid-299be38f-8cf2-481a-a20d-b9b1d6b02809&Prime; inactive_tab_background_color=\u00a0\u00bbRGBA(255,255,255,0)\u00a0\u00bb active_tab_text_color=\u00a0\u00bbgcid-86c55981-0a35-4e1f-97dd-894817a554b1&Prime; include_tabs=\u00a0\u00bbdescription|\u00a0\u00bb _builder_version=\u00a0\u00bb4.20.2&Prime; tab_text_color=\u00a0\u00bbgcid-86c55981-0a35-4e1f-97dd-894817a554b1&Prime; body_font_size=\u00a0\u00bb18px\u00a0\u00bb tab_font=\u00a0\u00bb|||on|||||\u00a0\u00bb tab_font_size=\u00a0\u00bb19px\u00a0\u00bb global_colors_info=\u00a0\u00bb{%22gcid-299be38f-8cf2-481a-a20d-b9b1d6b02809%22:%91%22active_tab_background_color%22%93,%22gcid-86c55981-0a35-4e1f-97dd-894817a554b1%22:%91%22active_tab_text_color%22,%22tab_text_color%22%93}\u00a0\u00bb]\t\t\t\t\t[\/et_pb_wc_tabs][et_pb_wc_upsells _builder_version=\u00a0\u00bb4.16&Prime; global_colors_info=\u00a0\u00bb{}\u00a0\u00bb][\/et_pb_wc_upsells][et_pb_wc_related_products _builder_version=\u00a0\u00bb4.16&Prime; global_colors_info=\u00a0\u00bb{}\u00a0\u00bb][\/et_pb_wc_related_products][\/et_pb_column][\/et_pb_row][\/et_pb_section]<\/p>","protected":false},"excerpt":{"rendered":"<p><strong>Jurassic Gin 70cl 41% Vol.Alc.<\/strong><\/p>\n<p class=\" translation-block\">On the nose, clear and very fresh aromas: expressive juniper, a touch of coriander, nuances of sandalwood, and a distinctive note of mandarin.\n\nOn the palate, the attack is soft and round, with an almost ethereal herbaceous and spicy character. Mandarin notes express themselves clearly in a persistent finish.<\/p>\n<p><strong>Jurassic Gin\u2122<\/strong> - <em>Hand Crafted Pleasure, Spirits Made with Passion<\/em><\/p>","protected":false},"featured_media":30837,"template":"","meta":{"_et_pb_use_builder":"on","_et_pb_old_content":"<p data-start=\"104\" data-end=\"418\">N\u00e9 au c\u0153ur du Jura suisse, <strong data-start=\"131\" data-end=\"147\">Jurassic Gin<\/strong> est un hommage au temps, \u00e0 la nature et \u00e0 la pr\u00e9cision. Inspir\u00e9 par les paysages pr\u00e9historiques du Jura \u2014 autrefois un archipel tropical marqu\u00e9 par des empreintes de dinosaures \u2014 ce gin capture l\u2019esprit d\u2019une terre ancienne fa\u00e7onn\u00e9e par des millions d\u2019ann\u00e9es d\u2019histoire.<\/p>\r\n<p data-start=\"420\" data-end=\"690\">Distill\u00e9 en petites s\u00e9ries, Jurassic Gin est \u00e9labor\u00e9 avec un soin exceptionnel, refl\u00e9tant la tradition suisse de pr\u00e9cision et de savoir-faire. Des botaniques soigneusement s\u00e9lectionn\u00e9es sont harmonieusement assembl\u00e9es afin de cr\u00e9er un gin \u00e0 la fois expressif et raffin\u00e9.<\/p>\r\n<p data-start=\"692\" data-end=\"929\">Jurassic Gin est polyvalent tout en restant distinctif \u2014 aussi bien adapt\u00e9 \u00e0 un gin &amp; tonic raffin\u00e9, aux cocktails classiques, que d\u00e9gust\u00e9 pur par les amateurs. Chaque bouteille refl\u00e8te l\u2019\u00e2me du Jura : brute, authentique et intemporelle.<\/p>\r\n<p data-start=\"692\" data-end=\"929\">Plus qu\u2019un gin, <strong data-start=\"947\" data-end=\"996\">Jurassic Gin est un voyage \u00e0 travers le temps<\/strong>, o\u00f9 la nature ancestrale rencontre l\u2019art moderne de la distillation.<\/p>","_et_gb_content_width":""},"product_brand":[36],"product_cat":[26],"product_tag":[33],"class_list":{"0":"post-29657","1":"product","2":"type-product","3":"status-publish","4":"has-post-thumbnail","6":"product_brand-jurassic-spirits-gin-luxury","7":"product_cat-jurassic-gin","8":"product_tag-jurassic-gin-70-cl","10":"first","11":"instock","12":"featured","13":"taxable","14":"shipping-taxable","15":"purchasable","16":"product-type-simple"},"yoast_head":"<!-- This site is optimized with the Yoast SEO plugin v27.6 - https:\/\/yoast.com\/product\/yoast-seo-wordpress\/ -->\n<title>JURASSIC GIN (70CL) 41% Vol. - Spirits Made with Passion<\/title>\n<meta name=\"description\" content=\"Jurassic Gin, gin suisse inspir\u00e9 du patrimoine jurassien. \u00c9labor\u00e9 \u00e0 partir de treize plantes, r\u00e9compens\u00e9 Meilleur Gin de Suisse avec 95\/100 points.\" \/>\n<meta name=\"robots\" content=\"index, follow, max-snippet:-1, max-image-preview:large, max-video-preview:-1\" \/>\n<link rel=\"canonical\" href=\"https:\/\/www.jurassicgin.ch\/en\/product\/jurassic-gin-hand-crafted-pleasure-spirits-made-with-passion\/\" \/>\n<meta property=\"og:locale\" content=\"en_GB\" \/>\n<meta property=\"og:type\" content=\"article\" \/>\n<meta property=\"og:title\" content=\"JURASSIC GIN (70CL) 41% Vol. - Spirits Made with Passion\" \/>\n<meta property=\"og:description\" content=\"Jurassic Gin, gin suisse inspir\u00e9 du patrimoine jurassien. \u00c9labor\u00e9 \u00e0 partir de treize plantes, r\u00e9compens\u00e9 Meilleur Gin de Suisse avec 95\/100 points.\" \/>\n<meta property=\"og:url\" content=\"https:\/\/www.jurassicgin.ch\/en\/product\/jurassic-gin-hand-crafted-pleasure-spirits-made-with-passion\/\" \/>\n<meta property=\"og:site_name\" content=\"Jurassic Gin\" \/>\n<meta property=\"article:publisher\" content=\"https:\/\/www.facebook.com\/jurassicgin\/\" \/>\n<meta property=\"article:modified_time\" content=\"2026-04-14T13:35:37+00:00\" \/>\n<meta property=\"og:image\" content=\"https:\/\/www.jurassicgin.ch\/wp-content\/uploads\/Bottle-Jurassic-Gin.png\" \/>\n\t<meta property=\"og:image:width\" content=\"1080\" \/>\n\t<meta property=\"og:image:height\" content=\"1080\" \/>\n\t<meta property=\"og:image:type\" content=\"image\/png\" \/>\n<meta name=\"twitter:card\" content=\"summary_large_image\" \/>\n<meta name=\"twitter:label1\" content=\"Estimated reading time\" \/>\n\t<meta name=\"twitter:data1\" content=\"3 minutes\" \/>\n<script type=\"application\/ld+json\" class=\"yoast-schema-graph\">{\"@context\":\"https:\\\/\\\/schema.org\",\"@graph\":[{\"@type\":\"WebPage\",\"@id\":\"https:\\\/\\\/www.jurassicgin.ch\\\/produit\\\/jurassic-gin-hand-crafted-pleasure-spirits-made-with-passion\\\/\",\"url\":\"https:\\\/\\\/www.jurassicgin.ch\\\/produit\\\/jurassic-gin-hand-crafted-pleasure-spirits-made-with-passion\\\/\",\"name\":\"JURASSIC GIN (70CL) 41% Vol. - Spirits Made with Passion\",\"isPartOf\":{\"@id\":\"https:\\\/\\\/www.jurassicgin.ch\\\/#website\"},\"primaryImageOfPage\":{\"@id\":\"https:\\\/\\\/www.jurassicgin.ch\\\/produit\\\/jurassic-gin-hand-crafted-pleasure-spirits-made-with-passion\\\/#primaryimage\"},\"image\":{\"@id\":\"https:\\\/\\\/www.jurassicgin.ch\\\/produit\\\/jurassic-gin-hand-crafted-pleasure-spirits-made-with-passion\\\/#primaryimage\"},\"thumbnailUrl\":\"https:\\\/\\\/www.jurassicgin.ch\\\/wp-content\\\/uploads\\\/Bottle-Jurassic-Gin.png\",\"datePublished\":\"2023-03-16T16:14:54+00:00\",\"dateModified\":\"2026-04-14T13:35:37+00:00\",\"description\":\"Jurassic Gin, gin suisse inspir\u00e9 du patrimoine jurassien. \u00c9labor\u00e9 \u00e0 partir de treize plantes, r\u00e9compens\u00e9 Meilleur Gin de Suisse avec 95\\\/100 points.\",\"breadcrumb\":{\"@id\":\"https:\\\/\\\/www.jurassicgin.ch\\\/produit\\\/jurassic-gin-hand-crafted-pleasure-spirits-made-with-passion\\\/#breadcrumb\"},\"inLanguage\":\"en-GB\",\"potentialAction\":[{\"@type\":\"ReadAction\",\"target\":[\"https:\\\/\\\/www.jurassicgin.ch\\\/produit\\\/jurassic-gin-hand-crafted-pleasure-spirits-made-with-passion\\\/\"]}]},{\"@type\":\"ImageObject\",\"inLanguage\":\"en-GB\",\"@id\":\"https:\\\/\\\/www.jurassicgin.ch\\\/produit\\\/jurassic-gin-hand-crafted-pleasure-spirits-made-with-passion\\\/#primaryimage\",\"url\":\"https:\\\/\\\/www.jurassicgin.ch\\\/wp-content\\\/uploads\\\/Bottle-Jurassic-Gin.png\",\"contentUrl\":\"https:\\\/\\\/www.jurassicgin.ch\\\/wp-content\\\/uploads\\\/Bottle-Jurassic-Gin.png\",\"width\":1080,\"height\":1080},{\"@type\":\"BreadcrumbList\",\"@id\":\"https:\\\/\\\/www.jurassicgin.ch\\\/produit\\\/jurassic-gin-hand-crafted-pleasure-spirits-made-with-passion\\\/#breadcrumb\",\"itemListElement\":[{\"@type\":\"ListItem\",\"position\":1,\"name\":\"Accueil\",\"item\":\"https:\\\/\\\/www.jurassicgin.ch\\\/\"},{\"@type\":\"ListItem\",\"position\":2,\"name\":\"Boutique\",\"item\":\"https:\\\/\\\/www.jurassicgin.ch\\\/boutique-jurassic-gin\\\/\"},{\"@type\":\"ListItem\",\"position\":3,\"name\":\"JURASSIC GIN (70CL) 41% Vol.\"}]},{\"@type\":\"WebSite\",\"@id\":\"https:\\\/\\\/www.jurassicgin.ch\\\/#website\",\"url\":\"https:\\\/\\\/www.jurassicgin.ch\\\/\",\"name\":\"Jurassic Gin\",\"description\":\"Une histoire commenc\u00e9e il y a 152 millions d\u2019ann\u00e9es\u2026 et qui continue ...\",\"publisher\":{\"@id\":\"https:\\\/\\\/www.jurassicgin.ch\\\/#organization\"},\"potentialAction\":[{\"@type\":\"SearchAction\",\"target\":{\"@type\":\"EntryPoint\",\"urlTemplate\":\"https:\\\/\\\/www.jurassicgin.ch\\\/?s={search_term_string}\"},\"query-input\":{\"@type\":\"PropertyValueSpecification\",\"valueRequired\":true,\"valueName\":\"search_term_string\"}}],\"inLanguage\":\"en-GB\"},{\"@type\":\"Organization\",\"@id\":\"https:\\\/\\\/www.jurassicgin.ch\\\/#organization\",\"name\":\"Jurassic Spirits S\u00e0rl\",\"url\":\"https:\\\/\\\/www.jurassicgin.ch\\\/\",\"logo\":{\"@type\":\"ImageObject\",\"inLanguage\":\"en-GB\",\"@id\":\"https:\\\/\\\/www.jurassicgin.ch\\\/#\\\/schema\\\/logo\\\/image\\\/\",\"url\":\"http:\\\/\\\/www.jurassicgin.ch\\\/wp-content\\\/uploads\\\/2023\\\/03\\\/logo_jurassic_gin.svg\",\"contentUrl\":\"http:\\\/\\\/www.jurassicgin.ch\\\/wp-content\\\/uploads\\\/2023\\\/03\\\/logo_jurassic_gin.svg\",\"width\":\"1024\",\"height\":\"1024\",\"caption\":\"Jurassic Spirits S\u00e0rl\"},\"image\":{\"@id\":\"https:\\\/\\\/www.jurassicgin.ch\\\/#\\\/schema\\\/logo\\\/image\\\/\"},\"sameAs\":[\"https:\\\/\\\/www.facebook.com\\\/jurassicgin\\\/\"]}]}<\/script>\n<!-- \/ Yoast SEO plugin. -->","yoast_head_json":{"title":"JURASSIC GIN (70CL) 41% Vol. - Spirits Made with Passion","description":"Jurassic Gin, a Swiss gin inspired by the heritage of the Jura mountains. Made from thirteen botanicals, it was awarded Best Gin in Switzerland with 95\/100 points.","robots":{"index":"index","follow":"follow","max-snippet":"max-snippet:-1","max-image-preview":"max-image-preview:large","max-video-preview":"max-video-preview:-1"},"canonical":"https:\/\/www.jurassicgin.ch\/en\/product\/jurassic-gin-hand-crafted-pleasure-spirits-made-with-passion\/","og_locale":"en_GB","og_type":"article","og_title":"JURASSIC GIN (70CL) 41% Vol. - Spirits Made with Passion","og_description":"Jurassic Gin, gin suisse inspir\u00e9 du patrimoine jurassien. \u00c9labor\u00e9 \u00e0 partir de treize plantes, r\u00e9compens\u00e9 Meilleur Gin de Suisse avec 95\/100 points.","og_url":"https:\/\/www.jurassicgin.ch\/en\/product\/jurassic-gin-hand-crafted-pleasure-spirits-made-with-passion\/","og_site_name":"Jurassic Gin","article_publisher":"https:\/\/www.facebook.com\/jurassicgin\/","article_modified_time":"2026-04-14T13:35:37+00:00","og_image":[{"width":1080,"height":1080,"url":"https:\/\/www.jurassicgin.ch\/wp-content\/uploads\/Bottle-Jurassic-Gin.png","type":"image\/png"}],"twitter_card":"summary_large_image","twitter_misc":{"Estimated reading time":"3 minutes"},"schema":{"@context":"https:\/\/schema.org","@graph":[{"@type":"WebPage","@id":"https:\/\/www.jurassicgin.ch\/produit\/jurassic-gin-hand-crafted-pleasure-spirits-made-with-passion\/","url":"https:\/\/www.jurassicgin.ch\/produit\/jurassic-gin-hand-crafted-pleasure-spirits-made-with-passion\/","name":"JURASSIC GIN (70CL) 41% Vol. - Spirits Made with Passion","isPartOf":{"@id":"https:\/\/www.jurassicgin.ch\/#website"},"primaryImageOfPage":{"@id":"https:\/\/www.jurassicgin.ch\/produit\/jurassic-gin-hand-crafted-pleasure-spirits-made-with-passion\/#primaryimage"},"image":{"@id":"https:\/\/www.jurassicgin.ch\/produit\/jurassic-gin-hand-crafted-pleasure-spirits-made-with-passion\/#primaryimage"},"thumbnailUrl":"https:\/\/www.jurassicgin.ch\/wp-content\/uploads\/Bottle-Jurassic-Gin.png","datePublished":"2023-03-16T16:14:54+00:00","dateModified":"2026-04-14T13:35:37+00:00","description":"Jurassic Gin, a Swiss gin inspired by the heritage of the Jura mountains. Made from thirteen botanicals, it was awarded Best Gin in Switzerland with 95\/100 points.","breadcrumb":{"@id":"https:\/\/www.jurassicgin.ch\/produit\/jurassic-gin-hand-crafted-pleasure-spirits-made-with-passion\/#breadcrumb"},"inLanguage":"en-GB","potentialAction":[{"@type":"ReadAction","target":["https:\/\/www.jurassicgin.ch\/produit\/jurassic-gin-hand-crafted-pleasure-spirits-made-with-passion\/"]}]},{"@type":"ImageObject","inLanguage":"en-GB","@id":"https:\/\/www.jurassicgin.ch\/produit\/jurassic-gin-hand-crafted-pleasure-spirits-made-with-passion\/#primaryimage","url":"https:\/\/www.jurassicgin.ch\/wp-content\/uploads\/Bottle-Jurassic-Gin.png","contentUrl":"https:\/\/www.jurassicgin.ch\/wp-content\/uploads\/Bottle-Jurassic-Gin.png","width":1080,"height":1080},{"@type":"BreadcrumbList","@id":"https:\/\/www.jurassicgin.ch\/produit\/jurassic-gin-hand-crafted-pleasure-spirits-made-with-passion\/#breadcrumb","itemListElement":[{"@type":"ListItem","position":1,"name":"Accueil","item":"https:\/\/www.jurassicgin.ch\/"},{"@type":"ListItem","position":2,"name":"Boutique","item":"https:\/\/www.jurassicgin.ch\/boutique-jurassic-gin\/"},{"@type":"ListItem","position":3,"name":"JURASSIC GIN (70CL) 41% Vol."}]},{"@type":"WebSite","@id":"https:\/\/www.jurassicgin.ch\/#website","url":"https:\/\/www.jurassicgin.ch\/","name":"Jurassic Gin","description":"A story that began 152 million years ago... and continues to this day...","publisher":{"@id":"https:\/\/www.jurassicgin.ch\/#organization"},"potentialAction":[{"@type":"SearchAction","target":{"@type":"EntryPoint","urlTemplate":"https:\/\/www.jurassicgin.ch\/?s={search_term_string}"},"query-input":{"@type":"PropertyValueSpecification","valueRequired":true,"valueName":"search_term_string"}}],"inLanguage":"en-GB"},{"@type":"Organization","@id":"https:\/\/www.jurassicgin.ch\/#organization","name":"Jurassic Spirits S\u00e0rl","url":"https:\/\/www.jurassicgin.ch\/","logo":{"@type":"ImageObject","inLanguage":"en-GB","@id":"https:\/\/www.jurassicgin.ch\/#\/schema\/logo\/image\/","url":"http:\/\/www.jurassicgin.ch\/wp-content\/uploads\/2023\/03\/logo_jurassic_gin.svg","contentUrl":"http:\/\/www.jurassicgin.ch\/wp-content\/uploads\/2023\/03\/logo_jurassic_gin.svg","width":"1024","height":"1024","caption":"Jurassic Spirits S\u00e0rl"},"image":{"@id":"https:\/\/www.jurassicgin.ch\/#\/schema\/logo\/image\/"},"sameAs":["https:\/\/www.facebook.com\/jurassicgin\/"]}]}},"_links":{"self":[{"href":"https:\/\/www.jurassicgin.ch\/en\/wp-json\/wp\/v2\/product\/29657","targetHints":{"allow":["GET"]}}],"collection":[{"href":"https:\/\/www.jurassicgin.ch\/en\/wp-json\/wp\/v2\/product"}],"about":[{"href":"https:\/\/www.jurassicgin.ch\/en\/wp-json\/wp\/v2\/types\/product"}],"wp:featuredmedia":[{"embeddable":true,"href":"https:\/\/www.jurassicgin.ch\/en\/wp-json\/wp\/v2\/media\/30837"}],"wp:attachment":[{"href":"https:\/\/www.jurassicgin.ch\/en\/wp-json\/wp\/v2\/media?parent=29657"}],"wp:term":[{"taxonomy":"product_brand","embeddable":true,"href":"https:\/\/www.jurassicgin.ch\/en\/wp-json\/wp\/v2\/product_brand?post=29657"},{"taxonomy":"product_cat","embeddable":true,"href":"https:\/\/www.jurassicgin.ch\/en\/wp-json\/wp\/v2\/product_cat?post=29657"},{"taxonomy":"product_tag","embeddable":true,"href":"https:\/\/www.jurassicgin.ch\/en\/wp-json\/wp\/v2\/product_tag?post=29657"}],"curies":[{"name":"wp","href":"https:\/\/api.w.org\/{rel}","templated":true}]}}