{"id":30179,"date":"2023-06-21T17:00:25","date_gmt":"2023-06-21T15:00:25","guid":{"rendered":"https:\/\/suisseinternet.ch\/?page_id=30179"},"modified":"2023-07-03T13:22:57","modified_gmt":"2023-07-03T11:22:57","slug":"informazioni-legali","status":"publish","type":"page","link":"https:\/\/www.jurassicgin.ch\/it\/informazioni-legali\/","title":{"rendered":"INFORMAZIONI LEGALI"},"content":{"rendered":"<p>[et_pb_section fb_built=\u00a0\u00bb1&Prime; _builder_version=\u00a0\u00bb4.21.0&Prime; _module_preset=\u00a0\u00bbdefault\u00a0\u00bb background_color=\u00a0\u00bbgcid-86c55981-0a35-4e1f-97dd-894817a554b1&Prime; global_colors_info=\u00a0\u00bb{%22gcid-86c55981-0a35-4e1f-97dd-894817a554b1%22:%91%22background_color%22%93}\u00a0\u00bb][et_pb_row _builder_version=\u00a0\u00bb4.21.0&Prime; _module_preset=\u00a0\u00bbdefault\u00a0\u00bb custom_padding=\u00a0\u00bb||176px|||\u00a0\u00bb global_colors_info=\u00a0\u00bb{}\u00a0\u00bb][et_pb_column type=\u00a0\u00bb4_4&Prime; _builder_version=\u00a0\u00bb4.21.0&Prime; _module_preset=\u00a0\u00bbdefault\u00a0\u00bb global_colors_info=\u00a0\u00bb{}\u00a0\u00bb][et_pb_text _builder_version=\u00a0\u00bb4.21.0&Prime; _module_preset=\u00a0\u00bbdefault\u00a0\u00bb text_text_color=\u00a0\u00bb#FFFFFF\u00a0\u00bb global_colors_info=\u00a0\u00bb{}\u00a0\u00bb]<\/p>\n<h2>Note legali<\/h2>\n<p>&nbsp;<\/p>\n<p><strong>Adresse l\u00e9gale<\/strong><span> <\/span><br \/><span>Jurassic Spirits S\u00e0rl <\/span><br \/><span>Rue de l'Eglise 37<\/span><br \/><span>2942 Alle<\/span><br \/><i>che-465.267.390<\/i><span> <\/span><\/p>\n<p class=\" translation-block\">Clausola di esclusione della responsabilit\u00e0 :\n\nL\u2019autore declina ogni responsabilit\u00e0 in merito all\u2019accuratezza, alla correttezza, all\u2019attualit\u00e0, all\u2019affidabilit\u00e0 e alla completezza delle informazioni fornite. Sono escluse rivendicazioni di responsabilit\u00e0 nei confronti dell\u2019autore per danni materiali o immateriali derivanti dall\u2019accesso, dall\u2019uso o dal mancato uso delle informazioni pubblicate, da un uso improprio della connessione o da malfunzionamenti tecnici.\n\nTutte le offerte sono senza impegno. L\u2019autore si riserva espressamente il diritto di modificare, integrare o eliminare parti delle pagine o l\u2019intera offerta, nonch\u00e9 di interrompere temporaneamente o definitivamente la pubblicazione dei servizi senza preavviso.<\/p>\n<p class=\" translation-block\">Diritti d\u2019autore :\n\nI diritti d\u2019autore e tutti gli altri diritti sui contenuti, le immagini, le fotografie o altri file presenti sul sito web appartengono esclusivamente a Jurassic Spirits S\u00e0rl o ai titolari dei diritti specificamente indicati. \u00c8 necessario ottenere preventivamente il consenso scritto del titolare dei diritti d\u2019autore per la riproduzione di qualsiasi elemento.<\/p>\n<p class=\" translation-block\">Responsabilit\u00e0 per i link :\n\nI riferimenti e i collegamenti a siti web di terzi non rientrano nella nostra responsabilit\u00e0. Qualsiasi responsabilit\u00e0 per tali siti web \u00e8 esclusa. L\u2019accesso e l\u2019utilizzo di questi siti web avvengono a rischio e pericolo dell\u2019utente.<\/p>\n<p>[\/et_pb_text][\/et_pb_column][\/et_pb_row][\/et_pb_section]<\/p>","protected":false},"excerpt":{"rendered":"<p>Mentions l\u00e9gale &nbsp; Adresse l\u00e9gale Jurassic Spirits S\u00e0rl Rue de l&rsquo;Eglise 372942 Alleche-465.267.390 Clause de non-responsabilit\u00e9 l&rsquo;auteur d\u00e9cline toute responsabilit\u00e9 quant \u00e0 l&rsquo;exactitude, l&rsquo;exactitude, l&rsquo;actualit\u00e9, la fiabilit\u00e9 et l&rsquo;exhaustivit\u00e9 des informations. les r\u00e9clamations en responsabilit\u00e9 contre l&rsquo;auteur en raison de dommages mat\u00e9riels ou immat\u00e9riels r\u00e9sultant de l&rsquo;acc\u00e8s, de l&rsquo;utilisation ou de la non-utilisation des informations [&hellip;]<\/p>","protected":false},"author":5,"featured_media":0,"parent":0,"menu_order":0,"comment_status":"closed","ping_status":"closed","template":"","meta":{"_et_pb_use_builder":"on","_et_pb_old_content":"","_et_gb_content_width":"","footnotes":""},"class_list":["post-30179","page","type-page","status-publish","hentry"],"yoast_head":"<!-- This site is optimized with the Yoast SEO plugin v27.6 - https:\/\/yoast.com\/product\/yoast-seo-wordpress\/ -->\n<title>MENTIONS LEGALE - Jurassic Gin<\/title>\n<meta name=\"robots\" content=\"index, follow, max-snippet:-1, max-image-preview:large, max-video-preview:-1\" \/>\n<link rel=\"canonical\" href=\"https:\/\/www.jurassicgin.ch\/it\/informazioni-legali\/\" \/>\n<meta property=\"og:locale\" content=\"it_IT\" \/>\n<meta property=\"og:type\" content=\"article\" \/>\n<meta property=\"og:title\" content=\"MENTIONS LEGALE - Jurassic Gin\" \/>\n<meta property=\"og:description\" content=\"Mentions l\u00e9gale &nbsp; Adresse l\u00e9gale Jurassic Spirits S\u00e0rl Rue de l&#039;Eglise 372942 Alleche-465.267.390 Clause de non-responsabilit\u00e9 l&#039;auteur d\u00e9cline toute responsabilit\u00e9 quant \u00e0 l&#039;exactitude, l&#039;exactitude, l&#039;actualit\u00e9, la fiabilit\u00e9 et l&#039;exhaustivit\u00e9 des informations. les r\u00e9clamations en responsabilit\u00e9 contre l&#039;auteur en raison de dommages mat\u00e9riels ou immat\u00e9riels r\u00e9sultant de l&#039;acc\u00e8s, de l&#039;utilisation ou de la non-utilisation des informations [&hellip;]\" \/>\n<meta property=\"og:url\" content=\"https:\/\/www.jurassicgin.ch\/it\/informazioni-legali\/\" \/>\n<meta property=\"og:site_name\" content=\"Jurassic Gin\" \/>\n<meta property=\"article:publisher\" content=\"https:\/\/www.facebook.com\/jurassicgin\/\" \/>\n<meta property=\"article:modified_time\" content=\"2023-07-03T11:22:57+00:00\" \/>\n<meta name=\"twitter:card\" content=\"summary_large_image\" \/>\n<meta name=\"twitter:label1\" content=\"Tempo di lettura stimato\" \/>\n\t<meta name=\"twitter:data1\" content=\"2 minuti\" \/>\n<script type=\"application\/ld+json\" class=\"yoast-schema-graph\">{\"@context\":\"https:\\\/\\\/schema.org\",\"@graph\":[{\"@type\":\"WebPage\",\"@id\":\"https:\\\/\\\/www.jurassicgin.ch\\\/mentions-legale\\\/\",\"url\":\"https:\\\/\\\/www.jurassicgin.ch\\\/mentions-legale\\\/\",\"name\":\"MENTIONS LEGALE - Jurassic Gin\",\"isPartOf\":{\"@id\":\"https:\\\/\\\/www.jurassicgin.ch\\\/#website\"},\"datePublished\":\"2023-06-21T15:00:25+00:00\",\"dateModified\":\"2023-07-03T11:22:57+00:00\",\"breadcrumb\":{\"@id\":\"https:\\\/\\\/www.jurassicgin.ch\\\/mentions-legale\\\/#breadcrumb\"},\"inLanguage\":\"it-IT\",\"potentialAction\":[{\"@type\":\"ReadAction\",\"target\":[\"https:\\\/\\\/www.jurassicgin.ch\\\/mentions-legale\\\/\"]}]},{\"@type\":\"BreadcrumbList\",\"@id\":\"https:\\\/\\\/www.jurassicgin.ch\\\/mentions-legale\\\/#breadcrumb\",\"itemListElement\":[{\"@type\":\"ListItem\",\"position\":1,\"name\":\"Accueil\",\"item\":\"https:\\\/\\\/www.jurassicgin.ch\\\/\"},{\"@type\":\"ListItem\",\"position\":2,\"name\":\"MENTIONS LEGALE\"}]},{\"@type\":\"WebSite\",\"@id\":\"https:\\\/\\\/www.jurassicgin.ch\\\/#website\",\"url\":\"https:\\\/\\\/www.jurassicgin.ch\\\/\",\"name\":\"Jurassic Gin\",\"description\":\"Une histoire commenc\u00e9e il y a 152 millions d\u2019ann\u00e9es\u2026 et qui continue ...\",\"publisher\":{\"@id\":\"https:\\\/\\\/www.jurassicgin.ch\\\/#organization\"},\"potentialAction\":[{\"@type\":\"SearchAction\",\"target\":{\"@type\":\"EntryPoint\",\"urlTemplate\":\"https:\\\/\\\/www.jurassicgin.ch\\\/?s={search_term_string}\"},\"query-input\":{\"@type\":\"PropertyValueSpecification\",\"valueRequired\":true,\"valueName\":\"search_term_string\"}}],\"inLanguage\":\"it-IT\"},{\"@type\":\"Organization\",\"@id\":\"https:\\\/\\\/www.jurassicgin.ch\\\/#organization\",\"name\":\"Jurassic Spirits S\u00e0rl\",\"url\":\"https:\\\/\\\/www.jurassicgin.ch\\\/\",\"logo\":{\"@type\":\"ImageObject\",\"inLanguage\":\"it-IT\",\"@id\":\"https:\\\/\\\/www.jurassicgin.ch\\\/#\\\/schema\\\/logo\\\/image\\\/\",\"url\":\"http:\\\/\\\/www.jurassicgin.ch\\\/wp-content\\\/uploads\\\/2023\\\/03\\\/logo_jurassic_gin.svg\",\"contentUrl\":\"http:\\\/\\\/www.jurassicgin.ch\\\/wp-content\\\/uploads\\\/2023\\\/03\\\/logo_jurassic_gin.svg\",\"width\":\"1024\",\"height\":\"1024\",\"caption\":\"Jurassic Spirits S\u00e0rl\"},\"image\":{\"@id\":\"https:\\\/\\\/www.jurassicgin.ch\\\/#\\\/schema\\\/logo\\\/image\\\/\"},\"sameAs\":[\"https:\\\/\\\/www.facebook.com\\\/jurassicgin\\\/\"]}]}<\/script>\n<!-- \/ Yoast SEO plugin. -->","yoast_head_json":{"title":"AVVISO LEGALE - Jurassic Gin","robots":{"index":"index","follow":"follow","max-snippet":"max-snippet:-1","max-image-preview":"max-image-preview:large","max-video-preview":"max-video-preview:-1"},"canonical":"https:\/\/www.jurassicgin.ch\/it\/informazioni-legali\/","og_locale":"it_IT","og_type":"article","og_title":"MENTIONS LEGALE - Jurassic Gin","og_description":"Mentions l\u00e9gale &nbsp; Adresse l\u00e9gale Jurassic Spirits S\u00e0rl Rue de l'Eglise 372942 Alleche-465.267.390 Clause de non-responsabilit\u00e9 l'auteur d\u00e9cline toute responsabilit\u00e9 quant \u00e0 l'exactitude, l'exactitude, l'actualit\u00e9, la fiabilit\u00e9 et l'exhaustivit\u00e9 des informations. les r\u00e9clamations en responsabilit\u00e9 contre l'auteur en raison de dommages mat\u00e9riels ou immat\u00e9riels r\u00e9sultant de l'acc\u00e8s, de l'utilisation ou de la non-utilisation des informations [&hellip;]","og_url":"https:\/\/www.jurassicgin.ch\/it\/informazioni-legali\/","og_site_name":"Jurassic Gin","article_publisher":"https:\/\/www.facebook.com\/jurassicgin\/","article_modified_time":"2023-07-03T11:22:57+00:00","twitter_card":"summary_large_image","twitter_misc":{"Tempo di lettura stimato":"2 minuti"},"schema":{"@context":"https:\/\/schema.org","@graph":[{"@type":"WebPage","@id":"https:\/\/www.jurassicgin.ch\/mentions-legale\/","url":"https:\/\/www.jurassicgin.ch\/mentions-legale\/","name":"AVVISO LEGALE - Jurassic Gin","isPartOf":{"@id":"https:\/\/www.jurassicgin.ch\/#website"},"datePublished":"2023-06-21T15:00:25+00:00","dateModified":"2023-07-03T11:22:57+00:00","breadcrumb":{"@id":"https:\/\/www.jurassicgin.ch\/mentions-legale\/#breadcrumb"},"inLanguage":"it-IT","potentialAction":[{"@type":"ReadAction","target":["https:\/\/www.jurassicgin.ch\/mentions-legale\/"]}]},{"@type":"BreadcrumbList","@id":"https:\/\/www.jurassicgin.ch\/mentions-legale\/#breadcrumb","itemListElement":[{"@type":"ListItem","position":1,"name":"Accueil","item":"https:\/\/www.jurassicgin.ch\/"},{"@type":"ListItem","position":2,"name":"MENTIONS LEGALE"}]},{"@type":"WebSite","@id":"https:\/\/www.jurassicgin.ch\/#website","url":"https:\/\/www.jurassicgin.ch\/","name":"Jurassic Gin\u2122","description":"Una storia iniziata 152 milioni di anni fa... e che continua ancora oggi...","publisher":{"@id":"https:\/\/www.jurassicgin.ch\/#organization"},"potentialAction":[{"@type":"SearchAction","target":{"@type":"EntryPoint","urlTemplate":"https:\/\/www.jurassicgin.ch\/?s={search_term_string}"},"query-input":{"@type":"PropertyValueSpecification","valueRequired":true,"valueName":"search_term_string"}}],"inLanguage":"it-IT"},{"@type":"Organization","@id":"https:\/\/www.jurassicgin.ch\/#organization","name":"Jurassic Spirits S\u00e0rl","url":"https:\/\/www.jurassicgin.ch\/","logo":{"@type":"ImageObject","inLanguage":"it-IT","@id":"https:\/\/www.jurassicgin.ch\/#\/schema\/logo\/image\/","url":"http:\/\/www.jurassicgin.ch\/wp-content\/uploads\/2023\/03\/logo_jurassic_gin.svg","contentUrl":"http:\/\/www.jurassicgin.ch\/wp-content\/uploads\/2023\/03\/logo_jurassic_gin.svg","width":"1024","height":"1024","caption":"Jurassic Spirits S\u00e0rl"},"image":{"@id":"https:\/\/www.jurassicgin.ch\/#\/schema\/logo\/image\/"},"sameAs":["https:\/\/www.facebook.com\/jurassicgin\/"]}]}},"_links":{"self":[{"href":"https:\/\/www.jurassicgin.ch\/it\/wp-json\/wp\/v2\/pages\/30179","targetHints":{"allow":["GET"]}}],"collection":[{"href":"https:\/\/www.jurassicgin.ch\/it\/wp-json\/wp\/v2\/pages"}],"about":[{"href":"https:\/\/www.jurassicgin.ch\/it\/wp-json\/wp\/v2\/types\/page"}],"author":[{"embeddable":true,"href":"https:\/\/www.jurassicgin.ch\/it\/wp-json\/wp\/v2\/users\/5"}],"replies":[{"embeddable":true,"href":"https:\/\/www.jurassicgin.ch\/it\/wp-json\/wp\/v2\/comments?post=30179"}],"version-history":[{"count":0,"href":"https:\/\/www.jurassicgin.ch\/it\/wp-json\/wp\/v2\/pages\/30179\/revisions"}],"wp:attachment":[{"href":"https:\/\/www.jurassicgin.ch\/it\/wp-json\/wp\/v2\/media?parent=30179"}],"curies":[{"name":"wp","href":"https:\/\/api.w.org\/{rel}","templated":true}]}}